{"id":1069,"date":"2024-03-20T17:36:55","date_gmt":"2024-03-20T16:36:55","guid":{"rendered":"https:\/\/www.qmd-aesthetics.com\/?page_id=1069"},"modified":"2025-11-10T09:56:24","modified_gmt":"2025-11-10T08:56:24","slug":"haut-straffung-2","status":"publish","type":"page","link":"https:\/\/www.qmd-aesthetics.com\/de\/haut-straffung-2\/","title":{"rendered":"Haut-Straffung"},"content":{"rendered":"\n<div class=\"wp-block-cover alignfull is-light ohneAbstandOben\" style=\"min-height:660px\"><span aria-hidden=\"true\" class=\"wp-block-cover__background has-background-dim-0 has-background-dim\"><\/span><img loading=\"lazy\" decoding=\"async\" width=\"2048\" height=\"1152\" class=\"wp-block-cover__image-background wp-image-1517\" alt=\"\" src=\"https:\/\/www.qmd-aesthetics.com\/wp-content\/uploads\/2024\/04\/adobestock_60164299.jpg\" data-object-fit=\"cover\" srcset=\"https:\/\/www.qmd-aesthetics.com\/wp-content\/uploads\/2024\/04\/adobestock_60164299.jpg 2048w, https:\/\/www.qmd-aesthetics.com\/wp-content\/uploads\/2024\/04\/adobestock_60164299-700x394.jpg 700w, https:\/\/www.qmd-aesthetics.com\/wp-content\/uploads\/2024\/04\/adobestock_60164299-1400x788.jpg 1400w, https:\/\/www.qmd-aesthetics.com\/wp-content\/uploads\/2024\/04\/adobestock_60164299-768x432.jpg 768w, https:\/\/www.qmd-aesthetics.com\/wp-content\/uploads\/2024\/04\/adobestock_60164299-1536x864.jpg 1536w\" sizes=\"(max-width: 2048px) 100vw, 2048px\" \/><div class=\"wp-block-cover__inner-container has-global-padding is-layout-constrained wp-block-cover-is-layout-constrained\">\n<p class=\"has-text-align-center has-large-font-size\"><\/p>\n<\/div><\/div>\n\n\n\n<h1 class=\"wp-block-heading has-text-align-left\">Haut-Straffung<\/h1>\n\n\n\n<p class=\"has-text-align-left\">Entdecken Sie die Zukunft der \u00e4sthetischen Behandlungen mit qmd\u00ae und erleben Sie die bahnbrechende Hautstraffungs-Technologie f\u00fcr eine gezielte Straffung. Unsere innovativen Produkte bieten eine nicht-invasive Methode, um unerw\u00fcnschte Fettdepots zu behandeln und dabei sichtbare Ergebnisse zu erzielen.<\/p>\n\n\n\n<div style=\"height:40px\" aria-hidden=\"true\" class=\"wp-block-spacer\"><\/div>\n\n\n\n<h2 class=\"wp-block-heading\">Wie funktioniert die Hautstraffung von qmd\u00ae?<\/h2>\n\n\n\n<p>Die Hautstraffung mit K\u00e4lte, entwickelt von renommierten Forschern der Harvard University, nutzt kontrollierte K\u00e4lteeinwirkung, um Fettzellen gezielt zu behandeln. Das qmd\u00ae-System erm\u00f6glicht eine sichere und pr\u00e4zise Anwendung, bei der das Fettgewebe auf eine kontrollierte Temperatur abgek\u00fchlt wird. Die empfindlichen Fettzellen werden dabei selektiv kristallisiert und anschlie\u00dfend auf nat\u00fcrliche Weise vom K\u00f6rper abgebaut.<\/p>\n\n\n\n<div class=\"wp-block-buttons is-layout-flex wp-block-buttons-is-layout-flex\">\n<div class=\"wp-block-button\"><a class=\"wp-block-button__link has-accent-3-background-color has-background wp-element-button\" href=\"https:\/\/www.qmd-aesthetics.com\/de\/kryolipolyse\/\">Mehr lesen<\/a><\/div>\n<\/div>\n\n\n\n<div style=\"height:40px\" aria-hidden=\"true\" class=\"wp-block-spacer\"><\/div>\n\n\n\n<div class=\"wp-block-group design-1 has-global-padding is-layout-constrained wp-block-group-is-layout-constrained\" style=\"margin-bottom:0;padding-top:0;padding-right:0;padding-bottom:0;padding-left:0\">\n<h2 class=\"wp-block-heading alignwide\" style=\"letter-spacing:-0.02em\">Warum qmd\u00ae f\u00fcr Haut-Straffung w\u00e4hlen?<\/h2>\n\n\n\n<div class=\"wp-block-group alignwide is-layout-flow wp-block-group-is-layout-flow\">\n<hr class=\"wp-block-separator has-text-color has-base-color has-alpha-channel-opacity has-base-background-color has-background is-style-wide\"\/>\n\n\n\n<details class=\"wp-block-details is-style-arrow-icon-details has-medium-font-size is-layout-flow wp-block-details-is-layout-flow\" style=\"border-top-style:none;border-top-width:0px;border-right-style:none;border-right-width:0px;border-bottom-color:var(--wp--preset--color--base);border-bottom-style:solid;border-bottom-width:1px;border-left-style:none;border-left-width:0px;margin-top:0\"><summary>Sichere Anwendung<\/summary>\n<p class=\"has-contrast-1-color has-text-color has-link-color wp-elements-adb7fc31ddddc5d45544624c33c1ed1a\">Die Hautstraffungs-Technologie von qmd\u00ae gew\u00e4hrleistet eine sichere und schonende Behandlung, ohne die umliegenden Gewebe zu beeintr\u00e4chtigen.<\/p>\n<\/details>\n\n\n\n<details class=\"wp-block-details is-style-arrow-icon-details has-medium-font-size is-layout-flow wp-block-details-is-layout-flow\" style=\"border-top-style:none;border-top-width:0px;border-right-style:none;border-right-width:0px;border-bottom-color:var(--wp--preset--color--base);border-bottom-style:solid;border-bottom-width:1px;border-left-style:none;border-left-width:0px;margin-top:0\"><summary>Gezielte Sraffung<\/summary>\n<p class=\"has-contrast-1-color has-text-color has-link-color wp-elements-1a188d88b5c60b16fc61773d563e9505\">Unsere Produkte erm\u00f6glichen eine gezielte Straffung der Haut an Problemzonen wie H\u00fcften, Bauch, Oberschenkeln und mehr.<\/p>\n<\/details>\n\n\n\n<details class=\"wp-block-details is-style-arrow-icon-details has-medium-font-size is-layout-flow wp-block-details-is-layout-flow\" style=\"border-top-style:none;border-top-width:0px;border-right-style:none;border-right-width:0px;border-bottom-color:var(--wp--preset--color--base);border-bottom-style:solid;border-bottom-width:1px;border-left-style:none;border-left-width:0px;margin-top:0\"><summary>Effektive Ergebnisse<\/summary>\n<p class=\"has-contrast-1-color has-text-color has-link-color wp-elements-490366c1d2b3d6904c3dcc9640fcf8f4\">Die Behandlung erfordert keine Ausfallzeiten, so dass Sie nach der Behandlung sofort wieder Ihren gewohnten Aktivit\u00e4ten nachgehen k\u00f6nnen.<\/p>\n<\/details>\n\n\n\n<details class=\"wp-block-details is-style-arrow-icon-details has-medium-font-size is-layout-flow wp-block-details-is-layout-flow\" style=\"border-top-style:none;border-top-width:0px;border-right-style:none;border-right-width:0px;border-bottom-color:var(--wp--preset--color--base);border-bottom-style:solid;border-bottom-width:1px;border-left-style:none;border-left-width:0px;margin-top:0\"><summary>Keine Ausfallzeit:<\/summary>\n<p class=\"has-contrast-1-color has-text-color has-link-color wp-elements-cfbc6060bb24e129d6c0790b3c268525\">Studien zeigen, dass viele Kunden bereits nach einer Anwendung mit den Ergebnissen zufrieden sind. Wiederholte Anwendungen k\u00f6nnen jedoch f\u00fcr optimale Resultate empfohlen werden.<\/p>\n<\/details>\n\n\n\n<details class=\"wp-block-details is-style-arrow-icon-details has-medium-font-size is-layout-flow wp-block-details-is-layout-flow\" style=\"border-top-style:none;border-top-width:0px;border-right-style:none;border-right-width:0px;border-bottom-color:var(--wp--preset--color--base);border-bottom-style:solid;border-bottom-width:1px;border-left-style:none;border-left-width:0px;margin-top:0\"><summary>Qualit\u00e4t<\/summary>\n<p class=\"has-contrast-1-color has-text-color has-link-color wp-elements-5db3c16c91f70a6e4c1da2a213c5ad71\">Vertrauen Sie auf die Qualit\u00e4t und Innovation von qmd\u00ae f\u00fcr eine fortschrittliche und effektive Straffung der Haut.<\/p>\n<\/details>\n<\/div>\n<\/div>\n\n\n\n<div style=\"height:40px\" aria-hidden=\"true\" class=\"wp-block-spacer\"><\/div>\n\n\n\n<div style=\"margin-top:var(--wp--preset--spacing--10);margin-bottom:0;height:var(--wp--preset--spacing--10)\" aria-hidden=\"true\" class=\"wp-block-spacer\"><\/div>\n\n\n\n<h2 class=\"wp-block-heading\">Unsere Ger\u00e4te zur Straffung<\/h2>\n\n\n\n<p>Tauchen Sie ein in die Zukunft der \u00e4sthetischen Behandlungen und entdecken Sie eine neue Dimension der Hautstraffung.<\/p>\n\n\n\n<div class=\"wp-block-columns alignfull is-layout-flex wp-container-core-columns-layout-1 wp-block-columns-is-layout-flex\">\n<div class=\"wp-block-column is-layout-flow wp-block-column-is-layout-flow\"><a href=\"https:\/\/www.qmd-aesthetics.com\/de\/selene\/\"   class=\"effect-2 wp-block-tiptip-hyperlink-group-block\" >\n<div class=\"wp-block-cover\" style=\"min-height:565px\"><span aria-hidden=\"true\" class=\"wp-block-cover__background has-background-dim\"><\/span><img loading=\"lazy\" decoding=\"async\" width=\"1388\" height=\"2048\" class=\"wp-block-cover__image-background wp-image-1431\" alt=\"\" src=\"https:\/\/www.qmd-aesthetics.com\/wp-content\/uploads\/2024\/04\/12_hakomed_45_base_scura_monitor_coloreblu-zugeschnitten.png\" style=\"object-position:52% 8%\" data-object-fit=\"cover\" data-object-position=\"52% 8%\" srcset=\"https:\/\/www.qmd-aesthetics.com\/wp-content\/uploads\/2024\/04\/12_hakomed_45_base_scura_monitor_coloreblu-zugeschnitten.png 1388w, https:\/\/www.qmd-aesthetics.com\/wp-content\/uploads\/2024\/04\/12_hakomed_45_base_scura_monitor_coloreblu-zugeschnitten-474x700.png 474w, https:\/\/www.qmd-aesthetics.com\/wp-content\/uploads\/2024\/04\/12_hakomed_45_base_scura_monitor_coloreblu-zugeschnitten-768x1133.png 768w, https:\/\/www.qmd-aesthetics.com\/wp-content\/uploads\/2024\/04\/12_hakomed_45_base_scura_monitor_coloreblu-zugeschnitten-949x1400.png 949w, https:\/\/www.qmd-aesthetics.com\/wp-content\/uploads\/2024\/04\/12_hakomed_45_base_scura_monitor_coloreblu-zugeschnitten-1041x1536.png 1041w\" sizes=\"(max-width: 1388px) 100vw, 1388px\" \/><div class=\"wp-block-cover__inner-container has-global-padding is-layout-constrained wp-block-cover-is-layout-constrained\">\n<p class=\"has-text-align-center has-large-font-size\">Anth\u00e9a<\/p>\n\n\n\n<p class=\"has-text-align-center\">Kryo-Thermal Behandlung<\/p>\n\n\n\n<div class=\"wp-block-buttons is-content-justification-center is-layout-flex wp-container-core-buttons-layout-3 wp-block-buttons-is-layout-flex\">\n<div class=\"wp-block-button\"><span class=\"wp-block-button__link has-text-align-center wp-element-button\" href=\"https:\/\/www.qmd-aesthetics.com\/de\/anthea\/\">Zum Produkt<\/span><\/div>\n<\/div>\n<\/div><\/div>\n<\/a><\/div>\n\n\n\n<div class=\"wp-block-column is-layout-flow wp-block-column-is-layout-flow\"><a href=\"https:\/\/www.qmd-aesthetics.com\/de\/selene-pt\/\"   class=\"effect-2 wp-block-tiptip-hyperlink-group-block\" >\n<div class=\"wp-block-cover\" style=\"min-height:565px\"><span aria-hidden=\"true\" class=\"wp-block-cover__background has-background-dim\"><\/span><img loading=\"lazy\" decoding=\"async\" width=\"1365\" height=\"2048\" class=\"wp-block-cover__image-background wp-image-1290\" alt=\"\" src=\"https:\/\/www.qmd-aesthetics.com\/wp-content\/uploads\/2024\/03\/selene-pt_d3_0260.png\" style=\"object-position:59% 16%\" data-object-fit=\"cover\" data-object-position=\"59% 16%\" srcset=\"https:\/\/www.qmd-aesthetics.com\/wp-content\/uploads\/2024\/03\/selene-pt_d3_0260.png 1365w, https:\/\/www.qmd-aesthetics.com\/wp-content\/uploads\/2024\/03\/selene-pt_d3_0260-467x700.png 467w, https:\/\/www.qmd-aesthetics.com\/wp-content\/uploads\/2024\/03\/selene-pt_d3_0260-768x1152.png 768w, https:\/\/www.qmd-aesthetics.com\/wp-content\/uploads\/2024\/03\/selene-pt_d3_0260-933x1400.png 933w, https:\/\/www.qmd-aesthetics.com\/wp-content\/uploads\/2024\/03\/selene-pt_d3_0260-1024x1536.png 1024w\" sizes=\"(max-width: 1365px) 100vw, 1365px\" \/><div class=\"wp-block-cover__inner-container has-global-padding is-layout-constrained wp-block-cover-is-layout-constrained\">\n<p class=\"has-text-align-center has-large-font-size\">S\u00e9lene PT<\/p>\n\n\n\n<p class=\"has-text-align-center\">Kryo-Thermal Behandlung<\/p>\n\n\n\n<div class=\"wp-block-buttons is-content-justification-center is-layout-flex wp-container-core-buttons-layout-5 wp-block-buttons-is-layout-flex\">\n<div class=\"wp-block-button\"><span class=\"wp-block-button__link has-text-align-center wp-element-button\">Zum Produkt<\/span><\/div>\n<\/div>\n<\/div><\/div>\n<\/a><\/div>\n<\/div>\n\n\n\n<div style=\"height:100px\" aria-hidden=\"true\" class=\"wp-block-spacer\"><\/div>\n","protected":false},"excerpt":{"rendered":"<p>Haut-Straffung Entdecken Sie die Zukunft der \u00e4sthetischen Behandlungen mit qmd\u00ae und erleben Sie die bahnbrechende Hautstraffungs-Technologie f\u00fcr eine gezielte Straffung. Unsere innovativen Produkte bieten eine nicht-invasive Methode, um unerw\u00fcnschte Fettdepots zu behandeln und dabei sichtbare Ergebnisse zu erzielen. Wie funktioniert die Hautstraffung von qmd\u00ae? Die Hautstraffung mit K\u00e4lte, entwickelt von renommierten Forschern der Harvard University, [&hellip;]<\/p>\n","protected":false},"author":1,"featured_media":0,"parent":0,"menu_order":0,"comment_status":"closed","ping_status":"closed","template":"","meta":{"inline_featured_image":false,"footnotes":""},"_links":{"self":[{"href":"https:\/\/www.qmd-aesthetics.com\/de\/wp-json\/wp\/v2\/pages\/1069"}],"collection":[{"href":"https:\/\/www.qmd-aesthetics.com\/de\/wp-json\/wp\/v2\/pages"}],"about":[{"href":"https:\/\/www.qmd-aesthetics.com\/de\/wp-json\/wp\/v2\/types\/page"}],"author":[{"embeddable":true,"href":"https:\/\/www.qmd-aesthetics.com\/de\/wp-json\/wp\/v2\/users\/1"}],"replies":[{"embeddable":true,"href":"https:\/\/www.qmd-aesthetics.com\/de\/wp-json\/wp\/v2\/comments?post=1069"}],"version-history":[{"count":40,"href":"https:\/\/www.qmd-aesthetics.com\/de\/wp-json\/wp\/v2\/pages\/1069\/revisions"}],"predecessor-version":[{"id":2753,"href":"https:\/\/www.qmd-aesthetics.com\/de\/wp-json\/wp\/v2\/pages\/1069\/revisions\/2753"}],"wp:attachment":[{"href":"https:\/\/www.qmd-aesthetics.com\/de\/wp-json\/wp\/v2\/media?parent=1069"}],"curies":[{"name":"wp","href":"https:\/\/api.w.org\/{rel}","templated":true}]}}