{"id":1077,"date":"2024-03-20T17:43:39","date_gmt":"2024-03-20T16:43:39","guid":{"rendered":"https:\/\/www.qmd-aesthetics.com\/?page_id=1077"},"modified":"2025-11-10T09:57:58","modified_gmt":"2025-11-10T08:57:58","slug":"haut-straffung-mit-kaelte","status":"publish","type":"page","link":"https:\/\/www.qmd-aesthetics.com\/de\/haut-straffung-mit-kaelte\/","title":{"rendered":"Haut-Straffung mit K\u00e4lte"},"content":{"rendered":"\n<div class=\"wp-block-cover alignfull is-light ohneAbstandOben\" style=\"min-height:660px\"><span aria-hidden=\"true\" class=\"wp-block-cover__background has-background-dim-0 has-background-dim\"><\/span><img loading=\"lazy\" decoding=\"async\" width=\"2048\" height=\"1152\" class=\"wp-block-cover__image-background wp-image-1517\" alt=\"\" src=\"https:\/\/www.qmd-aesthetics.com\/wp-content\/uploads\/2024\/04\/adobestock_60164299.jpg\" data-object-fit=\"cover\" srcset=\"https:\/\/www.qmd-aesthetics.com\/wp-content\/uploads\/2024\/04\/adobestock_60164299.jpg 2048w, https:\/\/www.qmd-aesthetics.com\/wp-content\/uploads\/2024\/04\/adobestock_60164299-700x394.jpg 700w, https:\/\/www.qmd-aesthetics.com\/wp-content\/uploads\/2024\/04\/adobestock_60164299-1400x788.jpg 1400w, https:\/\/www.qmd-aesthetics.com\/wp-content\/uploads\/2024\/04\/adobestock_60164299-768x432.jpg 768w, https:\/\/www.qmd-aesthetics.com\/wp-content\/uploads\/2024\/04\/adobestock_60164299-1536x864.jpg 1536w\" sizes=\"(max-width: 2048px) 100vw, 2048px\" \/><div class=\"wp-block-cover__inner-container has-global-padding is-layout-constrained wp-block-cover-is-layout-constrained\">\n<p class=\"has-text-align-center has-large-font-size\"><\/p>\n<\/div><\/div>\n\n\n\n<h1 class=\"wp-block-heading has-text-align-left\">Haut-Straffung mit K\u00e4lte<\/h1>\n\n\n\n<p>Die Haut-Straffung mit K\u00e4lte, entwickelt von renommierten Forschern der Harvard University, nutzt kontrollierte K\u00e4lteeinwirkung, um Fettzellen gezielt zu behandeln. Das qmd\u00ae-System erm\u00f6glicht eine sichere und pr\u00e4zise Anwendung, bei der das Fettgewebe auf eine kontrollierte Temperatur abgek\u00fchlt wird. Die empfindlichen Fettzellen werden dabei selektiv kristallisiert und anschlie\u00dfend auf nat\u00fcrliche Weise vom K\u00f6rper abgebaut.<\/p>\n\n\n\n<p class=\"has-medium-font-size\"><strong>Wie funktioniert diese Methode bei qmd\u00ae?<\/strong> <br>Der Anwender f\u00fchrt eine langanhaltende K\u00e4ltebehandlung mit dem ergonomischen Handst\u00fcck durch, um die Haut und das darunter liegende Gewebe ab zu k\u00fchlen. Das Fettgewebe wird auf eine Temperatur von + 1 bis +4 \u00b0C heruntergek\u00fchlt, um den nat\u00fcrlichen Zelltod der Fettzelle einzuleiten.<\/p>\n\n\n\n<p><strong>Wie lange dauert eine Behandlung?<\/strong><br>Die K\u00e4ltebehandlung mit qmd\u00ae dauert je nach K\u00f6rperzone und Body-Mass-Index zwischen 30 und 45 Minuten.<\/p>\n\n\n\n<p><strong>Wie viele Behandlungen sind erforderlich?<\/strong><br>Studien zeigen, dass die Mehrheit der Kunden bereits mit den Ergebnissen der ersten Behandlung zufrieden ist. Es wird jedoch empfohlen, die Behandlung mindestens einmal zu wiederholen und idealerweise bis zu 6 Behandlungen durchzuf\u00fchren.<\/p>\n\n\n\n<p><strong>Was passiert mit den Fettzellen?<\/strong><br>Fettzellen sind sehr viel k\u00e4lteempfindlicher als andere Arten von Bindegewebe wie Muskeln oder Sehnen. Nach dem nat\u00fcrlichen Absterben der Fettzellen dauert es einige Wochen, bis diese auf nat\u00fcrlichem Wege \u00fcber das Lymphsystem abgebaut werden.<\/p>\n\n\n\n<p><strong>Ab wann ist das Endergebnis sichtbar?<\/strong><br>Das Endergebnis derHaut-Straffung durch K\u00e4lte ist in der Regel 10 bis 12 Wochen nach Beginn der ersten Sitzung sichtbar.<\/p>\n\n\n\n<p><strong>Gibt es Risiken oder Nebenwirkungen?<\/strong> <br>Die innovative K\u00e4ltebehandlung von qmd\u00ae ist weniger aggressiv als herk\u00f6mmliche Methoden zur Haut-Straffung, sie ist daher sicher und verursacht keine unangenehmen roten Flecken oder H\u00e4matome.<\/p>\n\n\n\n<p><strong>F\u00fcr wen ist diese Art von Behandlung geeignet?<\/strong><br>Die Haut-Straffung durch K\u00e4lte eignet sich besonders f\u00fcr Personen mit m\u00e4\u00dfigen lokalen Fettansammlungen. Die h\u00e4ufigsten Bereiche sind Bauch, Ges\u00e4\u00df, H\u00fcften, Oberschenkel und Beine.<\/p>\n\n\n\n<p><\/p>\n\n\n\n<p><\/p>\n","protected":false},"excerpt":{"rendered":"<p>Haut-Straffung mit K\u00e4lte Die Haut-Straffung mit K\u00e4lte, entwickelt von renommierten Forschern der Harvard University, nutzt kontrollierte K\u00e4lteeinwirkung, um Fettzellen gezielt zu behandeln. Das qmd\u00ae-System erm\u00f6glicht eine sichere und pr\u00e4zise Anwendung, bei der das Fettgewebe auf eine kontrollierte Temperatur abgek\u00fchlt wird. Die empfindlichen Fettzellen werden dabei selektiv kristallisiert und anschlie\u00dfend auf nat\u00fcrliche Weise vom K\u00f6rper abgebaut. [&hellip;]<\/p>\n","protected":false},"author":1,"featured_media":0,"parent":0,"menu_order":0,"comment_status":"closed","ping_status":"closed","template":"","meta":{"inline_featured_image":false,"footnotes":""},"_links":{"self":[{"href":"https:\/\/www.qmd-aesthetics.com\/de\/wp-json\/wp\/v2\/pages\/1077"}],"collection":[{"href":"https:\/\/www.qmd-aesthetics.com\/de\/wp-json\/wp\/v2\/pages"}],"about":[{"href":"https:\/\/www.qmd-aesthetics.com\/de\/wp-json\/wp\/v2\/types\/page"}],"author":[{"embeddable":true,"href":"https:\/\/www.qmd-aesthetics.com\/de\/wp-json\/wp\/v2\/users\/1"}],"replies":[{"embeddable":true,"href":"https:\/\/www.qmd-aesthetics.com\/de\/wp-json\/wp\/v2\/comments?post=1077"}],"version-history":[{"count":13,"href":"https:\/\/www.qmd-aesthetics.com\/de\/wp-json\/wp\/v2\/pages\/1077\/revisions"}],"predecessor-version":[{"id":2756,"href":"https:\/\/www.qmd-aesthetics.com\/de\/wp-json\/wp\/v2\/pages\/1077\/revisions\/2756"}],"wp:attachment":[{"href":"https:\/\/www.qmd-aesthetics.com\/de\/wp-json\/wp\/v2\/media?parent=1077"}],"curies":[{"name":"wp","href":"https:\/\/api.w.org\/{rel}","templated":true}]}}