{"id":1108,"date":"2024-03-20T18:00:48","date_gmt":"2024-03-20T17:00:48","guid":{"rendered":"https:\/\/www.qmd-aesthetics.com\/?page_id=1108"},"modified":"2024-05-07T10:36:37","modified_gmt":"2024-05-07T08:36:37","slug":"zubehoer","status":"publish","type":"page","link":"https:\/\/www.qmd-aesthetics.com\/de\/zubehoer\/","title":{"rendered":"Zubeh\u00f6r"},"content":{"rendered":"\n<div class=\"wp-block-cover alignfull ohneAbstandOben\" style=\"min-height:660px\"><span aria-hidden=\"true\" class=\"wp-block-cover__background has-background-dim-0 has-background-dim\"><\/span><img loading=\"lazy\" decoding=\"async\" width=\"2048\" height=\"968\" class=\"wp-block-cover__image-background wp-image-10\" alt=\"\" src=\"https:\/\/www.qmd-aesthetics.com\/wp-content\/uploads\/2024\/03\/donna.jpg\" style=\"object-position:50% 50%\" data-object-fit=\"cover\" data-object-position=\"50% 50%\" srcset=\"https:\/\/www.qmd-aesthetics.com\/wp-content\/uploads\/2024\/03\/donna.jpg 2048w, https:\/\/www.qmd-aesthetics.com\/wp-content\/uploads\/2024\/03\/donna-700x331.jpg 700w, https:\/\/www.qmd-aesthetics.com\/wp-content\/uploads\/2024\/03\/donna-768x363.jpg 768w, https:\/\/www.qmd-aesthetics.com\/wp-content\/uploads\/2024\/03\/donna-1536x726.jpg 1536w\" sizes=\"(max-width: 2048px) 100vw, 2048px\" \/><div class=\"wp-block-cover__inner-container has-global-padding is-layout-constrained wp-block-cover-is-layout-constrained\">\n<p class=\"has-text-align-center has-large-font-size\"><\/p>\n<\/div><\/div>\n\n\n\n<h1 class=\"wp-block-heading has-text-align-center\">Zubeh\u00f6r<\/h1>\n\n\n\n<h2 class=\"wp-block-heading has-text-align-center\">qmd\u00ae Zubeh\u00f6r &#8211; Innovation in jedem Detail.<\/h2>\n\n\n\n<p class=\"has-text-align-center\">Unsere Auswahl an qmd\u00ae Zubeh\u00f6r bietet Ihnen nicht nur eine Erweiterung Ihrer \u00e4sthetischen Behandlungsm\u00f6glichkeiten, sondern auch eine Verbindung zu erstklassiger Qualit\u00e4t und Funktionalit\u00e4t.<\/p>\n\n\n\n<div style=\"height:100px\" aria-hidden=\"true\" class=\"wp-block-spacer\"><\/div>\n\n\n\n<div class=\"wp-block-group design-1 has-global-padding is-layout-constrained wp-block-group-is-layout-constrained\" style=\"margin-bottom:0;padding-top:var(--wp--preset--spacing--10);padding-right:var(--wp--preset--spacing--10);padding-bottom:var(--wp--preset--spacing--10);padding-left:var(--wp--preset--spacing--10)\">\n<h2 class=\"wp-block-heading alignwide\" style=\"letter-spacing:-0.02em\">Profitieren Sie von:<\/h2>\n\n\n\n<div class=\"wp-block-group alignwide is-layout-flow wp-block-group-is-layout-flow\">\n<hr class=\"wp-block-separator has-text-color has-base-color has-alpha-channel-opacity has-base-background-color has-background is-style-wide\"\/>\n\n\n\n<details class=\"wp-block-details is-style-arrow-icon-details has-medium-font-size is-layout-flow wp-block-details-is-layout-flow\" style=\"border-top-style:none;border-top-width:0px;border-right-style:none;border-right-width:0px;border-bottom-color:var(--wp--preset--color--base);border-bottom-style:solid;border-bottom-width:1px;border-left-style:none;border-left-width:0px;margin-top:0\"><summary>Pr\u00e4zision in jedem Detail<\/summary>\n<p class=\"has-contrast-1-color has-text-color has-link-color wp-elements-64970bfe65004789396304408fbd673c\">Jedes St\u00fcck Zubeh\u00f6r wurde mit h\u00f6chster Pr\u00e4zision entwickelt, um nahtlos mit Ihren qmd\u00ae Ger\u00e4ten zu interagieren und eine optimale Leistung zu gew\u00e4hrleisten.<\/p>\n<\/details>\n\n\n\n<details class=\"wp-block-details is-style-arrow-icon-details has-medium-font-size is-layout-flow wp-block-details-is-layout-flow\" style=\"border-top-style:none;border-top-width:0px;border-right-style:none;border-right-width:0px;border-bottom-color:var(--wp--preset--color--base);border-bottom-style:solid;border-bottom-width:1px;border-left-style:none;border-left-width:0px;margin-top:0\"><summary>Stilvolles Design<\/summary>\n<p class=\"has-contrast-1-color has-text-color has-link-color wp-elements-1e735c8835e771554de163196232c1f8\">Das qmd\u00ae Zubeh\u00f6r spiegelt nicht nur fortschrittliche Technologie wider, sondern auch ein durchdachtes, \u00e4sthetisches Design, das Ihre Praxisumgebung bereichert.<\/p>\n<\/details>\n\n\n\n<details class=\"wp-block-details is-style-arrow-icon-details has-medium-font-size is-layout-flow wp-block-details-is-layout-flow\" style=\"border-top-style:none;border-top-width:0px;border-right-style:none;border-right-width:0px;border-bottom-color:var(--wp--preset--color--base);border-bottom-style:solid;border-bottom-width:1px;border-left-style:none;border-left-width:0px;margin-top:0\"><summary>Vielseitigkeit f\u00fcr individuelle Bed\u00fcrfnisse<\/summary>\n<p class=\"has-contrast-1-color has-text-color has-link-color wp-elements-3fb39c8156cedb944ba471cad8ac8cb7\">Ob Sie Ihre \u00e4sthetischen M\u00f6glichkeiten erweitern oder Ihre Anwendungen spezifisch anpassen m\u00f6chten &#8211; unser Zubeh\u00f6r bietet eine Vielzahl von Optionen f\u00fcr unterschiedliche Anforderungen.<\/p>\n<\/details>\n\n\n\n<details class=\"wp-block-details is-style-arrow-icon-details has-medium-font-size is-layout-flow wp-block-details-is-layout-flow\" style=\"border-top-style:none;border-top-width:0px;border-right-style:none;border-right-width:0px;border-bottom-color:var(--wp--preset--color--base);border-bottom-style:solid;border-bottom-width:1px;border-left-style:none;border-left-width:0px;margin-top:0\"><summary>H\u00f6chste Qualit\u00e4t<\/summary>\n<p class=\"has-contrast-1-color has-text-color has-link-color wp-elements-5ebc2193112b02aca4df186e86c0f649\">Gefertigt aus hochwertigen Materialien und unter Einhaltung strenger Qualit\u00e4tsstandards, steht das qmd\u00ae Zubeh\u00f6r f\u00fcr Robustheit, Langlebigkeit und Zuverl\u00e4ssigkeit.<\/p>\n<\/details>\n<\/div>\n<\/div>\n\n\n\n<div style=\"height:100px\" aria-hidden=\"true\" class=\"wp-block-spacer\"><\/div>\n\n\n\n<h2 class=\"wp-block-heading\">Zubeh\u00f6r Produkte<\/h2>\n\n\n\n<p>Erkunden Sie, wie unsere Zubeh\u00f6roptionen Ihre Behandlungsergebnisse auf ein neues Niveau heben k\u00f6nnen.<\/p>\n\n\n\n<div class=\"wp-block-columns alignfull is-layout-flex wp-container-core-columns-layout-1 wp-block-columns-is-layout-flex\">\n<div class=\"wp-block-column is-layout-flow wp-block-column-is-layout-flow\"><a href=\"https:\/\/www.qmd-aesthetics.com\/de\/trolley-light\/\"   class=\"effect-2 wp-block-tiptip-hyperlink-group-block\" >\n<div class=\"wp-block-cover\"><span aria-hidden=\"true\" class=\"wp-block-cover__background has-background-dim\"><\/span><img loading=\"lazy\" decoding=\"async\" width=\"860\" height=\"1136\" class=\"wp-block-cover__image-background wp-image-1453\" alt=\"\" src=\"https:\/\/www.qmd-aesthetics.com\/wp-content\/uploads\/2024\/04\/trolley-light_02.png\" data-object-fit=\"cover\" srcset=\"https:\/\/www.qmd-aesthetics.com\/wp-content\/uploads\/2024\/04\/trolley-light_02.png 860w, https:\/\/www.qmd-aesthetics.com\/wp-content\/uploads\/2024\/04\/trolley-light_02-530x700.png 530w, https:\/\/www.qmd-aesthetics.com\/wp-content\/uploads\/2024\/04\/trolley-light_02-768x1014.png 768w\" sizes=\"(max-width: 860px) 100vw, 860px\" \/><div class=\"wp-block-cover__inner-container has-global-padding is-layout-constrained wp-block-cover-is-layout-constrained\">\n<p class=\"has-text-align-center has-large-font-size\">Trolley light<\/p>\n\n\n\n<p class=\"has-text-align-center\">Eleganter Begleiter<\/p>\n\n\n\n<div class=\"wp-block-buttons is-content-justification-center is-layout-flex wp-container-core-buttons-layout-2 wp-block-buttons-is-layout-flex\">\n<div class=\"wp-block-button\"><span class=\"wp-block-button__link has-text-align-center wp-element-button\">zum Produkt<\/span><\/div>\n<\/div>\n<\/div><\/div>\n<\/a><\/div>\n\n\n\n<div class=\"wp-block-column is-layout-flow wp-block-column-is-layout-flow\"><a href=\"https:\/\/www.qmd-aesthetics.com\/de\/transport-tasche\/\"   class=\"effect-2 wp-block-tiptip-hyperlink-group-block\" >\n<div class=\"wp-block-cover\"><span aria-hidden=\"true\" class=\"wp-block-cover__background has-background-dim\"><\/span><img loading=\"lazy\" decoding=\"async\" width=\"2645\" height=\"2048\" class=\"wp-block-cover__image-background wp-image-1465\" alt=\"\" src=\"https:\/\/www.qmd-aesthetics.com\/wp-content\/uploads\/2024\/04\/tasche.png\" data-object-fit=\"cover\" srcset=\"https:\/\/www.qmd-aesthetics.com\/wp-content\/uploads\/2024\/04\/tasche.png 2645w, https:\/\/www.qmd-aesthetics.com\/wp-content\/uploads\/2024\/04\/tasche-700x542.png 700w, https:\/\/www.qmd-aesthetics.com\/wp-content\/uploads\/2024\/04\/tasche-1400x1084.png 1400w, https:\/\/www.qmd-aesthetics.com\/wp-content\/uploads\/2024\/04\/tasche-768x595.png 768w, https:\/\/www.qmd-aesthetics.com\/wp-content\/uploads\/2024\/04\/tasche-1536x1189.png 1536w\" sizes=\"(max-width: 2645px) 100vw, 2645px\" \/><div class=\"wp-block-cover__inner-container has-global-padding is-layout-constrained wp-block-cover-is-layout-constrained\">\n<p class=\"has-text-align-center has-large-font-size\">Transport-Tasche<\/p>\n\n\n\n<p class=\"has-text-align-center\">Stilvoll, praktisch und sicher<\/p>\n\n\n\n<div class=\"wp-block-buttons is-content-justification-center is-layout-flex wp-container-core-buttons-layout-4 wp-block-buttons-is-layout-flex\">\n<div class=\"wp-block-button\"><span class=\"wp-block-button__link has-text-align-center wp-element-button\">zum Produkt<\/span><\/div>\n<\/div>\n<\/div><\/div>\n<\/a><\/div>\n\n\n\n<div class=\"wp-block-column is-layout-flow wp-block-column-is-layout-flow\"><a href=\"https:\/\/www.qmd-aesthetics.com\/de\/thermal-cream-gel\/\"   class=\"effect-2 wp-block-tiptip-hyperlink-group-block\" >\n<div class=\"wp-block-cover\"><span aria-hidden=\"true\" class=\"wp-block-cover__background has-background-dim\"><\/span><img loading=\"lazy\" decoding=\"async\" width=\"1419\" height=\"2364\" class=\"wp-block-cover__image-background wp-image-1461\" alt=\"\" src=\"https:\/\/www.qmd-aesthetics.com\/wp-content\/uploads\/2024\/04\/thermal-cream-gel.png\" data-object-fit=\"cover\" srcset=\"https:\/\/www.qmd-aesthetics.com\/wp-content\/uploads\/2024\/04\/thermal-cream-gel.png 1419w, https:\/\/www.qmd-aesthetics.com\/wp-content\/uploads\/2024\/04\/thermal-cream-gel-420x700.png 420w, https:\/\/www.qmd-aesthetics.com\/wp-content\/uploads\/2024\/04\/thermal-cream-gel-840x1400.png 840w, https:\/\/www.qmd-aesthetics.com\/wp-content\/uploads\/2024\/04\/thermal-cream-gel-768x1279.png 768w, https:\/\/www.qmd-aesthetics.com\/wp-content\/uploads\/2024\/04\/thermal-cream-gel-922x1536.png 922w\" sizes=\"(max-width: 1419px) 100vw, 1419px\" \/><div class=\"wp-block-cover__inner-container has-global-padding is-layout-constrained wp-block-cover-is-layout-constrained\">\n<p class=\"has-text-align-center has-large-font-size\">Thermal Cream Gel<\/p>\n\n\n\n<p class=\"has-text-align-center\">Schutz &amp; Pflege<\/p>\n\n\n\n<div class=\"wp-block-buttons is-content-justification-center is-layout-flex wp-container-core-buttons-layout-6 wp-block-buttons-is-layout-flex\">\n<div class=\"wp-block-button\"><span class=\"wp-block-button__link has-text-align-center wp-element-button\">zum Produkt<\/span><\/div>\n<\/div>\n<\/div><\/div>\n<\/a><\/div>\n<\/div>\n\n\n\n<div class=\"wp-block-columns alignfull is-layout-flex wp-container-core-columns-layout-2 wp-block-columns-is-layout-flex\">\n<div class=\"wp-block-column is-layout-flow wp-block-column-is-layout-flow\"><a href=\"https:\/\/www.qmd-aesthetics.com\/de\/leitfaehige-creme\/\"   class=\"effect-2 wp-block-tiptip-hyperlink-group-block\" >\n<div class=\"wp-block-cover\"><span aria-hidden=\"true\" class=\"wp-block-cover__background has-background-dim\"><\/span><img loading=\"lazy\" decoding=\"async\" width=\"2048\" height=\"3313\" class=\"wp-block-cover__image-background wp-image-1469\" alt=\"\" src=\"https:\/\/www.qmd-aesthetics.com\/wp-content\/uploads\/2024\/04\/leitfaehige-creme-1lt.png\" data-object-fit=\"cover\" srcset=\"https:\/\/www.qmd-aesthetics.com\/wp-content\/uploads\/2024\/04\/leitfaehige-creme-1lt.png 2048w, https:\/\/www.qmd-aesthetics.com\/wp-content\/uploads\/2024\/04\/leitfaehige-creme-1lt-433x700.png 433w, https:\/\/www.qmd-aesthetics.com\/wp-content\/uploads\/2024\/04\/leitfaehige-creme-1lt-768x1242.png 768w, https:\/\/www.qmd-aesthetics.com\/wp-content\/uploads\/2024\/04\/leitfaehige-creme-1lt-865x1400.png 865w, https:\/\/www.qmd-aesthetics.com\/wp-content\/uploads\/2024\/04\/leitfaehige-creme-1lt-950x1536.png 950w\" sizes=\"(max-width: 2048px) 100vw, 2048px\" \/><div class=\"wp-block-cover__inner-container has-global-padding is-layout-constrained wp-block-cover-is-layout-constrained\">\n<p class=\"has-text-align-center has-large-font-size\">Leitf\u00e4hige Creme<\/p>\n\n\n\n<p class=\"has-text-align-center\">f\u00fcr \u00e4sthetische Ger\u00e4te<\/p>\n\n\n\n<div class=\"wp-block-buttons is-content-justification-center is-layout-flex wp-container-core-buttons-layout-8 wp-block-buttons-is-layout-flex\">\n<div class=\"wp-block-button\"><span class=\"wp-block-button__link has-text-align-center wp-element-button\">zum Produkt<\/span><\/div>\n<\/div>\n<\/div><\/div>\n<\/a><\/div>\n\n\n\n<div class=\"wp-block-column is-layout-flow wp-block-column-is-layout-flow\"><\/div>\n\n\n\n<div class=\"wp-block-column is-layout-flow wp-block-column-is-layout-flow\"><\/div>\n<\/div>\n\n\n\n<div style=\"height:100px\" aria-hidden=\"true\" class=\"wp-block-spacer\"><\/div>\n","protected":false},"excerpt":{"rendered":"<p>Zubeh\u00f6r qmd\u00ae Zubeh\u00f6r &#8211; Innovation in jedem Detail. Unsere Auswahl an qmd\u00ae Zubeh\u00f6r bietet Ihnen nicht nur eine Erweiterung Ihrer \u00e4sthetischen Behandlungsm\u00f6glichkeiten, sondern auch eine Verbindung zu erstklassiger Qualit\u00e4t und Funktionalit\u00e4t. Profitieren Sie von: Zubeh\u00f6r Produkte Erkunden Sie, wie unsere Zubeh\u00f6roptionen Ihre Behandlungsergebnisse auf ein neues Niveau heben k\u00f6nnen.<\/p>\n","protected":false},"author":1,"featured_media":0,"parent":0,"menu_order":0,"comment_status":"closed","ping_status":"closed","template":"","meta":{"inline_featured_image":false,"footnotes":""},"_links":{"self":[{"href":"https:\/\/www.qmd-aesthetics.com\/de\/wp-json\/wp\/v2\/pages\/1108"}],"collection":[{"href":"https:\/\/www.qmd-aesthetics.com\/de\/wp-json\/wp\/v2\/pages"}],"about":[{"href":"https:\/\/www.qmd-aesthetics.com\/de\/wp-json\/wp\/v2\/types\/page"}],"author":[{"embeddable":true,"href":"https:\/\/www.qmd-aesthetics.com\/de\/wp-json\/wp\/v2\/users\/1"}],"replies":[{"embeddable":true,"href":"https:\/\/www.qmd-aesthetics.com\/de\/wp-json\/wp\/v2\/comments?post=1108"}],"version-history":[{"count":14,"href":"https:\/\/www.qmd-aesthetics.com\/de\/wp-json\/wp\/v2\/pages\/1108\/revisions"}],"predecessor-version":[{"id":2108,"href":"https:\/\/www.qmd-aesthetics.com\/de\/wp-json\/wp\/v2\/pages\/1108\/revisions\/2108"}],"wp:attachment":[{"href":"https:\/\/www.qmd-aesthetics.com\/de\/wp-json\/wp\/v2\/media?parent=1108"}],"curies":[{"name":"wp","href":"https:\/\/api.w.org\/{rel}","templated":true}]}}