{"id":1167,"date":"2024-03-21T08:27:52","date_gmt":"2024-03-21T07:27:52","guid":{"rendered":"https:\/\/www.qmd-aesthetics.com\/?page_id=1167"},"modified":"2026-03-30T17:18:59","modified_gmt":"2026-03-30T15:18:59","slug":"anti-aging","status":"publish","type":"page","link":"https:\/\/www.qmd-aesthetics.com\/de\/anti-aging\/","title":{"rendered":"Anti-Aging"},"content":{"rendered":"\n<div class=\"wp-block-cover alignfull is-light ohneAbstandOben\" style=\"min-height:660px\"><span aria-hidden=\"true\" class=\"wp-block-cover__background has-background-dim-0 has-background-dim\"><\/span><img loading=\"lazy\" decoding=\"async\" width=\"2048\" height=\"1152\" class=\"wp-block-cover__image-background wp-image-1520\" alt=\"\" src=\"https:\/\/www.qmd-aesthetics.com\/wp-content\/uploads\/2024\/04\/adobestock_554332550.jpg\" style=\"object-position:57% 60%\" data-object-fit=\"cover\" data-object-position=\"57% 60%\" srcset=\"https:\/\/www.qmd-aesthetics.com\/wp-content\/uploads\/2024\/04\/adobestock_554332550.jpg 2048w, https:\/\/www.qmd-aesthetics.com\/wp-content\/uploads\/2024\/04\/adobestock_554332550-700x394.jpg 700w, https:\/\/www.qmd-aesthetics.com\/wp-content\/uploads\/2024\/04\/adobestock_554332550-1400x788.jpg 1400w, https:\/\/www.qmd-aesthetics.com\/wp-content\/uploads\/2024\/04\/adobestock_554332550-768x432.jpg 768w, https:\/\/www.qmd-aesthetics.com\/wp-content\/uploads\/2024\/04\/adobestock_554332550-1536x864.jpg 1536w\" sizes=\"(max-width: 2048px) 100vw, 2048px\" \/><div class=\"wp-block-cover__inner-container has-global-padding is-layout-constrained wp-block-cover-is-layout-constrained\">\n<p class=\"has-text-align-center has-large-font-size\"><\/p>\n<\/div><\/div>\n\n\n\n<h1 class=\"wp-block-heading has-text-align-left\">Anti-Aging<\/h1>\n\n\n\n<h2 class=\"wp-block-heading\">Revolution\u00e4re Anti-Aging-Behandlungen mit qmd\u00ae<\/h2>\n\n\n\n<p class=\"has-text-align-left\">Erleben Sie die innovativen Anti-Aging-L\u00f6sungen von qmd\u00ae, die darauf abzielen, die Uhr der Hautalterung zur\u00fcckzudrehen. Unsere hochmodernen Produkte bieten nicht nur effektive Ergebnisse, sondern auch eine sanfte und nicht-invasive Herangehensweise an die Herausforderungen der Hautalterung.<\/p>\n\n\n\n<div style=\"height:40px\" aria-hidden=\"true\" class=\"wp-block-spacer\"><\/div>\n\n\n\n<div class=\"wp-block-group design-1 has-global-padding is-layout-constrained wp-block-group-is-layout-constrained\" style=\"margin-bottom:0;padding-top:0;padding-right:0;padding-bottom:0;padding-left:0\">\n<h2 class=\"wp-block-heading alignwide\" style=\"letter-spacing:-0.02em\">Warum qmd\u00ae f\u00fcr Anti-Aging w\u00e4hlen?<\/h2>\n\n\n\n<div class=\"wp-block-group alignwide is-layout-flow wp-block-group-is-layout-flow\">\n<hr class=\"wp-block-separator has-text-color has-base-color has-alpha-channel-opacity has-base-background-color has-background is-style-wide\"\/>\n\n\n\n<details class=\"wp-block-details is-style-arrow-icon-details has-medium-font-size is-layout-flow wp-block-details-is-layout-flow\" style=\"border-top-style:none;border-top-width:0px;border-right-style:none;border-right-width:0px;border-bottom-color:var(--wp--preset--color--base);border-bottom-style:solid;border-bottom-width:1px;border-left-style:none;border-left-width:0px;margin-top:0\"><summary>Gezielte Hautverj\u00fcngung<\/summary>\n<p class=\"has-contrast-1-color has-text-color has-link-color wp-elements-f4ffdb2eb2f9d92297fc52189b6ec26b\">Wir setzen auf innovative Technologien, um eine gezielte Hautverj\u00fcngung zu erm\u00f6glichen. Von der Reduzierung feiner Linien bis zur Verbesserung der Hauttextur bieten unsere Produkte umfassende L\u00f6sungen.<\/p>\n<\/details>\n\n\n\n<details class=\"wp-block-details is-style-arrow-icon-details has-medium-font-size is-layout-flow wp-block-details-is-layout-flow\" style=\"border-top-style:none;border-top-width:0px;border-right-style:none;border-right-width:0px;border-bottom-color:var(--wp--preset--color--base);border-bottom-style:solid;border-bottom-width:1px;border-left-style:none;border-left-width:0px;margin-top:0\"><summary>Kombination von K\u00e4lte- und W\u00e4rmetherapie<\/summary>\n<p class=\"has-contrast-1-color has-text-color has-link-color wp-elements-4a74b7064169e8ac6b8f320fdfd90a26\">Unsere fortschrittlichen Ger\u00e4te vereinen die Vorteile von K\u00e4lte- und W\u00e4rmetherapie, um die Durchblutung zu f\u00f6rdern, die Kollagenproduktion anzuregen und die Haut straffer und jugendlicher erscheinen zu lassen.<\/p>\n<\/details>\n\n\n\n<details class=\"wp-block-details is-style-arrow-icon-details has-medium-font-size is-layout-flow wp-block-details-is-layout-flow\" style=\"border-top-style:none;border-top-width:0px;border-right-style:none;border-right-width:0px;border-bottom-color:var(--wp--preset--color--base);border-bottom-style:solid;border-bottom-width:1px;border-left-style:none;border-left-width:0px;margin-top:0\"><summary>Benutzerfreundliche Anwendung<\/summary>\n<p class=\"has-contrast-1-color has-text-color has-link-color wp-elements-ee96502ddd2de96ff20e2ef7140d1ae0\">Die Produkte wurden mit dem Fokus auf Benutzerfreundlichkeit entwickelt. Eine einfache Handhabung erm\u00f6glicht eine bequeme und sichere Anwendung in professionellen Studios oder im Spa.<\/p>\n<\/details>\n\n\n\n<details class=\"wp-block-details is-style-arrow-icon-details has-medium-font-size is-layout-flow wp-block-details-is-layout-flow\" style=\"border-top-style:none;border-top-width:0px;border-right-style:none;border-right-width:0px;border-bottom-color:var(--wp--preset--color--base);border-bottom-style:solid;border-bottom-width:1px;border-left-style:none;border-left-width:0px;margin-top:0\"><summary>Sanfte und nicht-invasive Methoden<\/summary>\n<p class=\"has-contrast-1-color has-text-color has-link-color wp-elements-9144c0d995f5ba7d39ab830d5127b9b8\">Unsere Anti-Aging-Behandlungen sind schonend zur Haut und bieten eine nicht-invasive L\u00f6sung f\u00fcr maximale Ergebnisse ohne l\u00e4stige Ausfallzeiten.<\/p>\n<\/details>\n\n\n\n<details class=\"wp-block-details is-style-arrow-icon-details has-medium-font-size is-layout-flow wp-block-details-is-layout-flow\" style=\"border-top-style:none;border-top-width:0px;border-right-style:none;border-right-width:0px;border-bottom-color:var(--wp--preset--color--base);border-bottom-style:solid;border-bottom-width:1px;border-left-style:none;border-left-width:0px;margin-top:0\"><summary>Qualit\u00e4t und Innovation<\/summary>\n<p class=\"has-contrast-1-color has-text-color has-link-color wp-elements-f8d9e882991d8b96b0f9a41c0654daae\">Vertrauen Sie auf die Qualit\u00e4t und kontinuierliche Innovation von qmd\u00ae, um die neuesten Fortschritte in der Anti-Aging-Technologie zu nutzen.<\/p>\n<\/details>\n<\/div>\n<\/div>\n\n\n\n<div style=\"height:40px\" aria-hidden=\"true\" class=\"wp-block-spacer\"><\/div>\n\n\n\n<div style=\"margin-top:var(--wp--preset--spacing--10);margin-bottom:0;height:var(--wp--preset--spacing--10)\" aria-hidden=\"true\" class=\"wp-block-spacer\"><\/div>\n\n\n\n<h2 class=\"wp-block-heading\">Unsere Ger\u00e4te Anti-Aging<\/h2>\n\n\n\n<p>Erforschen Sie die M\u00f6glichkeiten der Anti-Aging-Behandlungen und lassen Sie sich von einer neuen Dimension der Hautverj\u00fcngung inspirieren. Erleben Sie, wie Ihre Haut strahlender, straffer und jugendlicher wird \u2013 jeden Tag.<\/p>\n\n\n\n<div class=\"wp-block-columns alignfull is-layout-flex wp-container-core-columns-layout-1 wp-block-columns-is-layout-flex\">\n<div class=\"wp-block-column is-layout-flow wp-block-column-is-layout-flow\"><a href=\"https:\/\/www.qmd-aesthetics.com\/de\/selene-pt\/\"   class=\"effect-2 wp-block-tiptip-hyperlink-group-block\" >\n<div class=\"wp-block-cover\"><span aria-hidden=\"true\" class=\"wp-block-cover__background has-background-dim\"><\/span><img loading=\"lazy\" decoding=\"async\" width=\"1365\" height=\"2048\" class=\"wp-block-cover__image-background wp-image-1290\" alt=\"\" src=\"https:\/\/www.qmd-aesthetics.com\/wp-content\/uploads\/2024\/03\/selene-pt_d3_0260.png\" style=\"object-position:55% 17%\" data-object-fit=\"cover\" data-object-position=\"55% 17%\" srcset=\"https:\/\/www.qmd-aesthetics.com\/wp-content\/uploads\/2024\/03\/selene-pt_d3_0260.png 1365w, https:\/\/www.qmd-aesthetics.com\/wp-content\/uploads\/2024\/03\/selene-pt_d3_0260-467x700.png 467w, https:\/\/www.qmd-aesthetics.com\/wp-content\/uploads\/2024\/03\/selene-pt_d3_0260-768x1152.png 768w, https:\/\/www.qmd-aesthetics.com\/wp-content\/uploads\/2024\/03\/selene-pt_d3_0260-933x1400.png 933w, https:\/\/www.qmd-aesthetics.com\/wp-content\/uploads\/2024\/03\/selene-pt_d3_0260-1024x1536.png 1024w\" sizes=\"(max-width: 1365px) 100vw, 1365px\" \/><div class=\"wp-block-cover__inner-container has-global-padding is-layout-constrained wp-block-cover-is-layout-constrained\">\n<p class=\"has-text-align-center has-large-font-size\">S\u00e9lene PT<\/p>\n\n\n\n<p class=\"has-text-align-center\">Kryo-Thermal Behandlung<\/p>\n\n\n\n<div class=\"wp-block-buttons is-content-justification-center is-layout-flex wp-container-core-buttons-layout-2 wp-block-buttons-is-layout-flex\">\n<div class=\"wp-block-button\"><span class=\"wp-block-button__link has-text-align-center wp-element-button\">Zum Produkt<\/span><\/div>\n<\/div>\n<\/div><\/div>\n<\/a><\/div>\n\n\n\n<div class=\"wp-block-column is-layout-flow wp-block-column-is-layout-flow\"><a href=\"https:\/\/www.qmd-aesthetics.com\/de\/anthea\/\"   class=\"effect-2 wp-block-tiptip-hyperlink-group-block\" >\n<div class=\"wp-block-cover\"><span aria-hidden=\"true\" class=\"wp-block-cover__background has-background-dim\"><\/span><img loading=\"lazy\" decoding=\"async\" width=\"1388\" height=\"2048\" class=\"wp-block-cover__image-background wp-image-1431\" alt=\"\" src=\"https:\/\/www.qmd-aesthetics.com\/wp-content\/uploads\/2024\/04\/12_hakomed_45_base_scura_monitor_coloreblu-zugeschnitten.png\" style=\"object-position:69% 12%\" data-object-fit=\"cover\" data-object-position=\"69% 12%\" srcset=\"https:\/\/www.qmd-aesthetics.com\/wp-content\/uploads\/2024\/04\/12_hakomed_45_base_scura_monitor_coloreblu-zugeschnitten.png 1388w, https:\/\/www.qmd-aesthetics.com\/wp-content\/uploads\/2024\/04\/12_hakomed_45_base_scura_monitor_coloreblu-zugeschnitten-474x700.png 474w, https:\/\/www.qmd-aesthetics.com\/wp-content\/uploads\/2024\/04\/12_hakomed_45_base_scura_monitor_coloreblu-zugeschnitten-768x1133.png 768w, https:\/\/www.qmd-aesthetics.com\/wp-content\/uploads\/2024\/04\/12_hakomed_45_base_scura_monitor_coloreblu-zugeschnitten-949x1400.png 949w, https:\/\/www.qmd-aesthetics.com\/wp-content\/uploads\/2024\/04\/12_hakomed_45_base_scura_monitor_coloreblu-zugeschnitten-1041x1536.png 1041w\" sizes=\"(max-width: 1388px) 100vw, 1388px\" \/><div class=\"wp-block-cover__inner-container has-global-padding is-layout-constrained wp-block-cover-is-layout-constrained\">\n<p class=\"has-text-align-center has-large-font-size\">Anth\u00e9a<\/p>\n\n\n\n<p class=\"has-text-align-center\">Kryo-Thermal Behandlung<\/p>\n\n\n\n<div class=\"wp-block-buttons is-content-justification-center is-layout-flex wp-container-core-buttons-layout-4 wp-block-buttons-is-layout-flex\">\n<div class=\"wp-block-button\"><span class=\"wp-block-button__link has-text-align-center wp-element-button\">Zum Produkt<\/span><\/div>\n<\/div>\n<\/div><\/div>\n<\/a><\/div>\n\n\n\n<div class=\"wp-block-column is-layout-flow wp-block-column-is-layout-flow\"><a href=\"https:\/\/www.qmd-aesthetics.com\/de\/selene\/\"   class=\"effect-2 wp-block-tiptip-hyperlink-group-block\" >\n<div class=\"wp-block-cover\"><span aria-hidden=\"true\" class=\"wp-block-cover__background has-background-dim\"><\/span><img loading=\"lazy\" decoding=\"async\" width=\"1582\" height=\"1835\" class=\"wp-block-cover__image-background wp-image-2832\" alt=\"\" src=\"https:\/\/www.qmd-aesthetics.com\/wp-content\/uploads\/2026\/03\/f813323f-ed7a-429b-a724-6a7e82ef0728.png\" style=\"object-position:44% 35%\" data-object-fit=\"cover\" data-object-position=\"44% 35%\" srcset=\"https:\/\/www.qmd-aesthetics.com\/wp-content\/uploads\/2026\/03\/f813323f-ed7a-429b-a724-6a7e82ef0728.png 1582w, https:\/\/www.qmd-aesthetics.com\/wp-content\/uploads\/2026\/03\/f813323f-ed7a-429b-a724-6a7e82ef0728-603x700.png 603w, https:\/\/www.qmd-aesthetics.com\/wp-content\/uploads\/2026\/03\/f813323f-ed7a-429b-a724-6a7e82ef0728-768x891.png 768w, https:\/\/www.qmd-aesthetics.com\/wp-content\/uploads\/2026\/03\/f813323f-ed7a-429b-a724-6a7e82ef0728-1207x1400.png 1207w, https:\/\/www.qmd-aesthetics.com\/wp-content\/uploads\/2026\/03\/f813323f-ed7a-429b-a724-6a7e82ef0728-1324x1536.png 1324w\" sizes=\"(max-width: 1582px) 100vw, 1582px\" \/><div class=\"wp-block-cover__inner-container has-global-padding is-layout-constrained wp-block-cover-is-layout-constrained\">\n<p class=\"has-text-align-center has-base-2-color has-text-color has-link-color has-large-font-size wp-elements-03b3e6a1b1da2e1b7c6cc44eb08564ff\"><a href=\"https:\/\/www.qmd-aesthetics.com\/de\/xenya\/\">X\u00e9nya<\/a><\/p>\n\n\n\n<p class=\"has-text-align-center\">Triple-Energy Behandlung<\/p>\n\n\n\n<div class=\"wp-block-buttons is-content-justification-center is-layout-flex wp-container-core-buttons-layout-6 wp-block-buttons-is-layout-flex\">\n<div class=\"wp-block-button\"><span class=\"wp-block-button__link has-text-align-center wp-element-button\" href=\"https:\/\/www.qmd-aesthetics.com\/de\/xenya\/\">Zum Produkt<\/span><\/div>\n<\/div>\n<\/div><\/div>\n<\/a><\/div>\n<\/div>\n\n\n\n<div class=\"wp-block-columns alignfull is-layout-flex wp-container-core-columns-layout-2 wp-block-columns-is-layout-flex\">\n<div class=\"wp-block-column is-layout-flow wp-block-column-is-layout-flow\"><\/div>\n\n\n\n<div class=\"wp-block-column is-layout-flow wp-block-column-is-layout-flow\"><\/div>\n\n\n\n<div class=\"wp-block-column is-layout-flow wp-block-column-is-layout-flow\"><\/div>\n<\/div>\n\n\n\n<div style=\"height:100px\" aria-hidden=\"true\" class=\"wp-block-spacer\"><\/div>\n","protected":false},"excerpt":{"rendered":"<p>Anti-Aging Revolution\u00e4re Anti-Aging-Behandlungen mit qmd\u00ae Erleben Sie die innovativen Anti-Aging-L\u00f6sungen von qmd\u00ae, die darauf abzielen, die Uhr der Hautalterung zur\u00fcckzudrehen. Unsere hochmodernen Produkte bieten nicht nur effektive Ergebnisse, sondern auch eine sanfte und nicht-invasive Herangehensweise an die Herausforderungen der Hautalterung. Warum qmd\u00ae f\u00fcr Anti-Aging w\u00e4hlen? Unsere Ger\u00e4te Anti-Aging Erforschen Sie die M\u00f6glichkeiten der Anti-Aging-Behandlungen und [&hellip;]<\/p>\n","protected":false},"author":1,"featured_media":0,"parent":0,"menu_order":0,"comment_status":"closed","ping_status":"closed","template":"","meta":{"inline_featured_image":false,"footnotes":""},"_links":{"self":[{"href":"https:\/\/www.qmd-aesthetics.com\/de\/wp-json\/wp\/v2\/pages\/1167"}],"collection":[{"href":"https:\/\/www.qmd-aesthetics.com\/de\/wp-json\/wp\/v2\/pages"}],"about":[{"href":"https:\/\/www.qmd-aesthetics.com\/de\/wp-json\/wp\/v2\/types\/page"}],"author":[{"embeddable":true,"href":"https:\/\/www.qmd-aesthetics.com\/de\/wp-json\/wp\/v2\/users\/1"}],"replies":[{"embeddable":true,"href":"https:\/\/www.qmd-aesthetics.com\/de\/wp-json\/wp\/v2\/comments?post=1167"}],"version-history":[{"count":19,"href":"https:\/\/www.qmd-aesthetics.com\/de\/wp-json\/wp\/v2\/pages\/1167\/revisions"}],"predecessor-version":[{"id":2974,"href":"https:\/\/www.qmd-aesthetics.com\/de\/wp-json\/wp\/v2\/pages\/1167\/revisions\/2974"}],"wp:attachment":[{"href":"https:\/\/www.qmd-aesthetics.com\/de\/wp-json\/wp\/v2\/media?parent=1167"}],"curies":[{"name":"wp","href":"https:\/\/api.w.org\/{rel}","templated":true}]}}