{"id":1171,"date":"2024-03-21T08:31:01","date_gmt":"2024-03-21T07:31:01","guid":{"rendered":"https:\/\/www.qmd-aesthetics.com\/?page_id=1171"},"modified":"2026-03-30T17:26:26","modified_gmt":"2026-03-30T15:26:26","slug":"tonisierung","status":"publish","type":"page","link":"https:\/\/www.qmd-aesthetics.com\/de\/tonisierung\/","title":{"rendered":"Tonisierung"},"content":{"rendered":"\n<div class=\"wp-block-cover alignfull is-light ohneAbstandOben\" style=\"min-height:660px\"><span aria-hidden=\"true\" class=\"wp-block-cover__background has-background-dim-0 has-background-dim\"><\/span><img loading=\"lazy\" decoding=\"async\" width=\"2048\" height=\"1152\" class=\"wp-block-cover__image-background wp-image-1524\" alt=\"\" src=\"https:\/\/www.qmd-aesthetics.com\/wp-content\/uploads\/2024\/04\/adobestock_705547890.jpg\" data-object-fit=\"cover\" srcset=\"https:\/\/www.qmd-aesthetics.com\/wp-content\/uploads\/2024\/04\/adobestock_705547890.jpg 2048w, https:\/\/www.qmd-aesthetics.com\/wp-content\/uploads\/2024\/04\/adobestock_705547890-700x394.jpg 700w, https:\/\/www.qmd-aesthetics.com\/wp-content\/uploads\/2024\/04\/adobestock_705547890-1400x788.jpg 1400w, https:\/\/www.qmd-aesthetics.com\/wp-content\/uploads\/2024\/04\/adobestock_705547890-768x432.jpg 768w, https:\/\/www.qmd-aesthetics.com\/wp-content\/uploads\/2024\/04\/adobestock_705547890-1536x864.jpg 1536w\" sizes=\"(max-width: 2048px) 100vw, 2048px\" \/><div class=\"wp-block-cover__inner-container has-global-padding is-layout-constrained wp-block-cover-is-layout-constrained\">\n<p class=\"has-text-align-center has-large-font-size\"><\/p>\n<\/div><\/div>\n\n\n\n<h1 class=\"wp-block-heading has-text-align-left\">Tonisierung<\/h1>\n\n\n\n<h2 class=\"wp-block-heading\">Revitalisieren Sie Ihre Haut mit qmd\u00ae<\/h2>\n\n\n\n<p class=\"has-text-align-left\">Erleben Sie die transformative Kraft der qmd\u00ae-Tonisierungsbehandlungen, die darauf abzielen, Ihre Haut zu festigen und ihr ein jugendliches Erscheinungsbild zu verleihen. Unsere innovativen Technologien bieten gezielte L\u00f6sungen f\u00fcr straffere und revitalisierte Haut, unabh\u00e4ngig von Ihrem Alter oder Hauttyp.<\/p>\n\n\n\n<div style=\"height:40px\" aria-hidden=\"true\" class=\"wp-block-spacer\"><\/div>\n\n\n\n<div class=\"wp-block-group design-1 has-global-padding is-layout-constrained wp-block-group-is-layout-constrained\" style=\"margin-bottom:0;padding-top:0;padding-right:0;padding-bottom:0;padding-left:0\">\n<h2 class=\"wp-block-heading alignwide\" style=\"letter-spacing:-0.02em\">Warum qmd\u00ae f\u00fcr Tonisierung w\u00e4hlen?<\/h2>\n\n\n\n<div class=\"wp-block-group alignwide is-layout-flow wp-block-group-is-layout-flow\">\n<hr class=\"wp-block-separator has-text-color has-base-color has-alpha-channel-opacity has-base-background-color has-background is-style-wide\"\/>\n\n\n\n<details class=\"wp-block-details is-style-arrow-icon-details has-medium-font-size is-layout-flow wp-block-details-is-layout-flow\" style=\"border-top-style:none;border-top-width:0px;border-right-style:none;border-right-width:0px;border-bottom-color:var(--wp--preset--color--base);border-bottom-style:solid;border-bottom-width:1px;border-left-style:none;border-left-width:0px;margin-top:0\"><summary>Vielseitige Anwendungen<\/summary>\n<p class=\"has-contrast-1-color has-text-color has-link-color wp-elements-d2f77c0f019a7c9ea5ef68cb4ae8259d\">Wir bieten eine Vielzahl von Tonisierungsbehandlungen f\u00fcr verschiedene K\u00f6rperpartien, darunter Gesicht, Hals, Dekollet\u00e9, H\u00fcften, Bauch, Oberschenkel und mehr.<\/p>\n<\/details>\n\n\n\n<details class=\"wp-block-details is-style-arrow-icon-details has-medium-font-size is-layout-flow wp-block-details-is-layout-flow\" style=\"border-top-style:none;border-top-width:0px;border-right-style:none;border-right-width:0px;border-bottom-color:var(--wp--preset--color--base);border-bottom-style:solid;border-bottom-width:1px;border-left-style:none;border-left-width:0px;margin-top:0\"><summary>Effektive Tonisierung<\/summary>\n<p class=\"has-contrast-1-color has-text-color has-link-color wp-elements-f73fb8a11828ab7659cd46d843e5ed5b\">Unsere Produkte setzen auf fortschrittliche Technologien, die die Kollagenproduktion anregen und die Haut straffer und elastischer machen.<\/p>\n<\/details>\n\n\n\n<details class=\"wp-block-details is-style-arrow-icon-details has-medium-font-size is-layout-flow wp-block-details-is-layout-flow\" style=\"border-top-style:none;border-top-width:0px;border-right-style:none;border-right-width:0px;border-bottom-color:var(--wp--preset--color--base);border-bottom-style:solid;border-bottom-width:1px;border-left-style:none;border-left-width:0px;margin-top:0\"><summary>Anpassbare Behandlungen<\/summary>\n<p class=\"has-contrast-1-color has-text-color has-link-color wp-elements-217671089dd3ce2039b1bbd9e0a02135\">Unsere Ger\u00e4te erm\u00f6glichen individuelle Einstellungen, um den Bed\u00fcrfnissen Ihrer Haut gerecht zu werden. Die Anwendungen sind flexibel und k\u00f6nnen auf Ihre pers\u00f6nlichen Hautziele abgestimmt werden.<\/p>\n<\/details>\n\n\n\n<details class=\"wp-block-details is-style-arrow-icon-details has-medium-font-size is-layout-flow wp-block-details-is-layout-flow\" style=\"border-top-style:none;border-top-width:0px;border-right-style:none;border-right-width:0px;border-bottom-color:var(--wp--preset--color--base);border-bottom-style:solid;border-bottom-width:1px;border-left-style:none;border-left-width:0px;margin-top:0\"><summary>Sanfte und nicht-invasive Methoden<\/summary>\n<p class=\"has-contrast-1-color has-text-color has-link-color wp-elements-a0773b9e5e8aacab90dbc751f104b8b8\">Unsere Tonisierungsbehandlungen sind schonend zur Haut und bieten eine nicht-invasive Alternative zu chirurgischen Eingriffen. Keine Ausfallzeit und minimaler Komfortverlust.<\/p>\n<\/details>\n\n\n\n<details class=\"wp-block-details is-style-arrow-icon-details has-medium-font-size is-layout-flow wp-block-details-is-layout-flow\" style=\"border-top-style:none;border-top-width:0px;border-right-style:none;border-right-width:0px;border-bottom-color:var(--wp--preset--color--base);border-bottom-style:solid;border-bottom-width:1px;border-left-style:none;border-left-width:0px;margin-top:0\"><summary>Sichtbare Ergebnisse<\/summary>\n<p class=\"has-contrast-1-color has-text-color has-link-color wp-elements-4e673fd392e553b25a21a001f1a19bd6\">Wir liefern nicht nur Versprechungen, sondern auch sichtbare Ergebnisse. Genie\u00dfen Sie eine straffere und jugendlich aussehende Haut, die Ihr Selbstbewusstsein st\u00e4rkt.<\/p>\n<\/details>\n<\/div>\n<\/div>\n\n\n\n<div style=\"height:40px\" aria-hidden=\"true\" class=\"wp-block-spacer\"><\/div>\n\n\n\n<div style=\"margin-top:var(--wp--preset--spacing--10);margin-bottom:0;height:var(--wp--preset--spacing--10)\" aria-hidden=\"true\" class=\"wp-block-spacer\"><\/div>\n\n\n\n<h2 class=\"wp-block-heading\">Unsere Ger\u00e4te f\u00fcr Tonisierung<\/h2>\n\n\n\n<p>Lassen Sie sich von der Verwandlung Ihrer Haut verzaubern. G\u00f6nnen Sie sich das Geschenk zeitloser Sch\u00f6nheit und erleben Sie, wie Ihre Haut wieder jugendliche Frische ausstrahlt.<\/p>\n\n\n\n<div class=\"wp-block-columns alignfull is-layout-flex wp-container-core-columns-layout-1 wp-block-columns-is-layout-flex\">\n<div class=\"wp-block-column is-layout-flow wp-block-column-is-layout-flow\"><a href=\"https:\/\/www.qmd-aesthetics.com\/de\/selene-pt\/\"   class=\"effect-2 wp-block-tiptip-hyperlink-group-block\" >\n<div class=\"wp-block-cover\"><span aria-hidden=\"true\" class=\"wp-block-cover__background has-background-dim\"><\/span><img loading=\"lazy\" decoding=\"async\" width=\"1365\" height=\"2048\" class=\"wp-block-cover__image-background wp-image-1290\" alt=\"\" src=\"https:\/\/www.qmd-aesthetics.com\/wp-content\/uploads\/2024\/03\/selene-pt_d3_0260.png\" style=\"object-position:44% 15%\" data-object-fit=\"cover\" data-object-position=\"44% 15%\" srcset=\"https:\/\/www.qmd-aesthetics.com\/wp-content\/uploads\/2024\/03\/selene-pt_d3_0260.png 1365w, https:\/\/www.qmd-aesthetics.com\/wp-content\/uploads\/2024\/03\/selene-pt_d3_0260-467x700.png 467w, https:\/\/www.qmd-aesthetics.com\/wp-content\/uploads\/2024\/03\/selene-pt_d3_0260-768x1152.png 768w, https:\/\/www.qmd-aesthetics.com\/wp-content\/uploads\/2024\/03\/selene-pt_d3_0260-933x1400.png 933w, https:\/\/www.qmd-aesthetics.com\/wp-content\/uploads\/2024\/03\/selene-pt_d3_0260-1024x1536.png 1024w\" sizes=\"(max-width: 1365px) 100vw, 1365px\" \/><div class=\"wp-block-cover__inner-container has-global-padding is-layout-constrained wp-block-cover-is-layout-constrained\">\n<p class=\"has-text-align-center has-large-font-size\">S\u00e9lene PT<\/p>\n\n\n\n<p class=\"has-text-align-center\">Kryo-Thermal Behandlung<\/p>\n\n\n\n<div class=\"wp-block-buttons is-content-justification-center is-layout-flex wp-container-core-buttons-layout-2 wp-block-buttons-is-layout-flex\">\n<div class=\"wp-block-button\"><span class=\"wp-block-button__link has-text-align-center wp-element-button\">Zum Produkt<\/span><\/div>\n<\/div>\n<\/div><\/div>\n<\/a><\/div>\n\n\n\n<div class=\"wp-block-column is-layout-flow wp-block-column-is-layout-flow\"><a href=\"https:\/\/www.qmd-aesthetics.com\/de\/anthea\/\"   class=\"effect-2 wp-block-tiptip-hyperlink-group-block\" >\n<div class=\"wp-block-cover\"><span aria-hidden=\"true\" class=\"wp-block-cover__background has-background-dim\"><\/span><img loading=\"lazy\" decoding=\"async\" width=\"1388\" height=\"2048\" class=\"wp-block-cover__image-background wp-image-1431\" alt=\"\" src=\"https:\/\/www.qmd-aesthetics.com\/wp-content\/uploads\/2024\/04\/12_hakomed_45_base_scura_monitor_coloreblu-zugeschnitten.png\" style=\"object-position:56% 13%\" data-object-fit=\"cover\" data-object-position=\"56% 13%\" srcset=\"https:\/\/www.qmd-aesthetics.com\/wp-content\/uploads\/2024\/04\/12_hakomed_45_base_scura_monitor_coloreblu-zugeschnitten.png 1388w, https:\/\/www.qmd-aesthetics.com\/wp-content\/uploads\/2024\/04\/12_hakomed_45_base_scura_monitor_coloreblu-zugeschnitten-474x700.png 474w, https:\/\/www.qmd-aesthetics.com\/wp-content\/uploads\/2024\/04\/12_hakomed_45_base_scura_monitor_coloreblu-zugeschnitten-768x1133.png 768w, https:\/\/www.qmd-aesthetics.com\/wp-content\/uploads\/2024\/04\/12_hakomed_45_base_scura_monitor_coloreblu-zugeschnitten-949x1400.png 949w, https:\/\/www.qmd-aesthetics.com\/wp-content\/uploads\/2024\/04\/12_hakomed_45_base_scura_monitor_coloreblu-zugeschnitten-1041x1536.png 1041w\" sizes=\"(max-width: 1388px) 100vw, 1388px\" \/><div class=\"wp-block-cover__inner-container has-global-padding is-layout-constrained wp-block-cover-is-layout-constrained\">\n<p class=\"has-text-align-center has-large-font-size\">Anth\u00e9a<\/p>\n\n\n\n<p class=\"has-text-align-center\">Kryo-Thermal Behandlung<\/p>\n\n\n\n<div class=\"wp-block-buttons is-content-justification-center is-layout-flex wp-container-core-buttons-layout-4 wp-block-buttons-is-layout-flex\">\n<div class=\"wp-block-button\"><span class=\"wp-block-button__link has-text-align-center wp-element-button\">Zum Produkt<\/span><\/div>\n<\/div>\n<\/div><\/div>\n<\/a><\/div>\n\n\n\n<div class=\"wp-block-column is-layout-flow wp-block-column-is-layout-flow\">\n<div class=\"wp-block-cover\"><span aria-hidden=\"true\" class=\"wp-block-cover__background has-background-dim\"><\/span><img loading=\"lazy\" decoding=\"async\" width=\"1582\" height=\"1835\" class=\"wp-block-cover__image-background wp-image-2832\" alt=\"\" src=\"https:\/\/www.qmd-aesthetics.com\/wp-content\/uploads\/2026\/03\/f813323f-ed7a-429b-a724-6a7e82ef0728.png\" data-object-fit=\"cover\" srcset=\"https:\/\/www.qmd-aesthetics.com\/wp-content\/uploads\/2026\/03\/f813323f-ed7a-429b-a724-6a7e82ef0728.png 1582w, https:\/\/www.qmd-aesthetics.com\/wp-content\/uploads\/2026\/03\/f813323f-ed7a-429b-a724-6a7e82ef0728-603x700.png 603w, https:\/\/www.qmd-aesthetics.com\/wp-content\/uploads\/2026\/03\/f813323f-ed7a-429b-a724-6a7e82ef0728-768x891.png 768w, https:\/\/www.qmd-aesthetics.com\/wp-content\/uploads\/2026\/03\/f813323f-ed7a-429b-a724-6a7e82ef0728-1207x1400.png 1207w, https:\/\/www.qmd-aesthetics.com\/wp-content\/uploads\/2026\/03\/f813323f-ed7a-429b-a724-6a7e82ef0728-1324x1536.png 1324w\" sizes=\"(max-width: 1582px) 100vw, 1582px\" \/><div class=\"wp-block-cover__inner-container has-global-padding is-layout-constrained wp-block-cover-is-layout-constrained\">\n<p class=\"has-text-align-center has-base-2-color has-text-color has-link-color has-large-font-size wp-elements-7c121e21d09f1fe8bc9156c7ec0eef21\"><a href=\"https:\/\/www.qmd-aesthetics.com\/de\/xenya\/\" data-type=\"page\" data-id=\"1197\">X\u00e9nya<\/a><\/p>\n\n\n\n<p class=\"has-text-align-center has-base-2-color has-text-color has-link-color wp-elements-f2ab9b48ced06062374425d10c114362\"><a href=\"http:\/\/x\u00e9ny\">triple-energy <\/a><a href=\"https:\/\/www.qmd-aesthetics.com\/de\/xenya\/\" data-type=\"page\" data-id=\"1197\">Behandlung<\/a><\/p>\n\n\n\n<div class=\"wp-block-buttons is-content-justification-center is-layout-flex wp-container-core-buttons-layout-5 wp-block-buttons-is-layout-flex\">\n<div class=\"wp-block-button\"><a class=\"wp-block-button__link has-text-align-center wp-element-button\" href=\"https:\/\/www.qmd-aesthetics.com\/de\/xenya\/\">Zum Produkt<\/a><\/div>\n<\/div>\n<\/div><\/div>\n<\/div>\n<\/div>\n\n\n\n<div class=\"wp-block-columns alignfull is-layout-flex wp-container-core-columns-layout-2 wp-block-columns-is-layout-flex\">\n<div class=\"wp-block-column is-layout-flow wp-block-column-is-layout-flow\"><a href=\"https:\/\/www.qmd-aesthetics.com\/de\/smls-cw\/\"   class=\"effect-2 wp-block-tiptip-hyperlink-group-block\" ><\/a><\/div>\n\n\n\n<div class=\"wp-block-column is-layout-flow wp-block-column-is-layout-flow\"><\/div>\n\n\n\n<div class=\"wp-block-column is-layout-flow wp-block-column-is-layout-flow\"><\/div>\n<\/div>\n\n\n\n<div style=\"height:100px\" aria-hidden=\"true\" class=\"wp-block-spacer\"><\/div>\n","protected":false},"excerpt":{"rendered":"<p>Tonisierung Revitalisieren Sie Ihre Haut mit qmd\u00ae Erleben Sie die transformative Kraft der qmd\u00ae-Tonisierungsbehandlungen, die darauf abzielen, Ihre Haut zu festigen und ihr ein jugendliches Erscheinungsbild zu verleihen. Unsere innovativen Technologien bieten gezielte L\u00f6sungen f\u00fcr straffere und revitalisierte Haut, unabh\u00e4ngig von Ihrem Alter oder Hauttyp. Warum qmd\u00ae f\u00fcr Tonisierung w\u00e4hlen? Unsere Ger\u00e4te f\u00fcr Tonisierung Lassen [&hellip;]<\/p>\n","protected":false},"author":1,"featured_media":0,"parent":0,"menu_order":0,"comment_status":"closed","ping_status":"closed","template":"","meta":{"inline_featured_image":false,"footnotes":""},"_links":{"self":[{"href":"https:\/\/www.qmd-aesthetics.com\/de\/wp-json\/wp\/v2\/pages\/1171"}],"collection":[{"href":"https:\/\/www.qmd-aesthetics.com\/de\/wp-json\/wp\/v2\/pages"}],"about":[{"href":"https:\/\/www.qmd-aesthetics.com\/de\/wp-json\/wp\/v2\/types\/page"}],"author":[{"embeddable":true,"href":"https:\/\/www.qmd-aesthetics.com\/de\/wp-json\/wp\/v2\/users\/1"}],"replies":[{"embeddable":true,"href":"https:\/\/www.qmd-aesthetics.com\/de\/wp-json\/wp\/v2\/comments?post=1171"}],"version-history":[{"count":15,"href":"https:\/\/www.qmd-aesthetics.com\/de\/wp-json\/wp\/v2\/pages\/1171\/revisions"}],"predecessor-version":[{"id":2982,"href":"https:\/\/www.qmd-aesthetics.com\/de\/wp-json\/wp\/v2\/pages\/1171\/revisions\/2982"}],"wp:attachment":[{"href":"https:\/\/www.qmd-aesthetics.com\/de\/wp-json\/wp\/v2\/media?parent=1171"}],"curies":[{"name":"wp","href":"https:\/\/api.w.org\/{rel}","templated":true}]}}