{"id":1177,"date":"2024-03-21T08:40:00","date_gmt":"2024-03-21T07:40:00","guid":{"rendered":"https:\/\/www.qmd-aesthetics.com\/?page_id=1177"},"modified":"2024-07-01T15:19:56","modified_gmt":"2024-07-01T13:19:56","slug":"haut-whitening","status":"publish","type":"page","link":"https:\/\/www.qmd-aesthetics.com\/de\/haut-whitening\/","title":{"rendered":"Haut Whitening"},"content":{"rendered":"\n<div class=\"wp-block-cover alignfull is-light ohneAbstandOben\" style=\"min-height:660px\"><span aria-hidden=\"true\" class=\"wp-block-cover__background has-background-dim-0 has-background-dim\"><\/span><img loading=\"lazy\" decoding=\"async\" width=\"2048\" height=\"1152\" class=\"wp-block-cover__image-background wp-image-1527\" alt=\"\" src=\"https:\/\/www.qmd-aesthetics.com\/wp-content\/uploads\/2024\/04\/adobestock_494616941.jpg\" style=\"object-position:47% 71%\" data-object-fit=\"cover\" data-object-position=\"47% 71%\" srcset=\"https:\/\/www.qmd-aesthetics.com\/wp-content\/uploads\/2024\/04\/adobestock_494616941.jpg 2048w, https:\/\/www.qmd-aesthetics.com\/wp-content\/uploads\/2024\/04\/adobestock_494616941-700x394.jpg 700w, https:\/\/www.qmd-aesthetics.com\/wp-content\/uploads\/2024\/04\/adobestock_494616941-1400x788.jpg 1400w, https:\/\/www.qmd-aesthetics.com\/wp-content\/uploads\/2024\/04\/adobestock_494616941-768x432.jpg 768w, https:\/\/www.qmd-aesthetics.com\/wp-content\/uploads\/2024\/04\/adobestock_494616941-1536x864.jpg 1536w\" sizes=\"(max-width: 2048px) 100vw, 2048px\" \/><div class=\"wp-block-cover__inner-container has-global-padding is-layout-constrained wp-block-cover-is-layout-constrained\">\n<p class=\"has-text-align-center has-large-font-size\"><\/p>\n<\/div><\/div>\n\n\n\n<h1 class=\"wp-block-heading has-text-align-left\">Haut-Whitening<\/h1>\n\n\n\n<h2 class=\"wp-block-heading\">Helle und Strahlende Haut mit qmd\u00ae Whitening-Behandlungen<\/h2>\n\n\n\n<p>Die qmd\u00ae Whitening-Behandlungen wurden exklusiv f\u00fcr unseren chinesischen Gro\u00dfkunden, die <a href=\"https:\/\/www.samunlisa.com\/\" target=\"_blank\" rel=\"noreferrer noopener\"><strong>SamunLisa Group<\/strong><\/a>, entwickelt und im speziell f\u00fcr ihnen angefertigtem Ger\u00e4t <strong>SMLS-CW<\/strong> integriert, das 2023 vorgestellt wurde. Die SamunLisa Gruppe ist ein f\u00fchrender Anbieter von Sch\u00f6nheitseinrichtungen in China mit rund 1.000 Zentren im ganzen Land.<\/p>\n\n\n\n<p>Mit den innovativen Whitening-Behandlungen von qmd\u00ae setzen wir auf fortschrittliche Technologien, um Pigmentflecken zu mindern, den Teint aufzuhellen und Ihnen eine makellose, strahlende Haut zu verleihen.<\/p>\n\n\n\n<div style=\"height:40px\" aria-hidden=\"true\" class=\"wp-block-spacer\"><\/div>\n\n\n\n<div class=\"wp-block-group design-1 has-global-padding is-layout-constrained wp-block-group-is-layout-constrained\" style=\"margin-bottom:0;padding-top:0;padding-right:0;padding-bottom:0;padding-left:0\">\n<h2 class=\"wp-block-heading alignwide\" style=\"letter-spacing:-0.02em\">Warum qmd\u00ae f\u00fcr Haut-Whitening w\u00e4hlen?<\/h2>\n\n\n\n<div class=\"wp-block-group alignwide is-layout-flow wp-block-group-is-layout-flow\">\n<hr class=\"wp-block-separator has-text-color has-base-color has-alpha-channel-opacity has-base-background-color has-background is-style-wide\"\/>\n\n\n\n<details class=\"wp-block-details is-style-arrow-icon-details has-medium-font-size is-layout-flow wp-block-details-is-layout-flow\" style=\"border-top-style:none;border-top-width:0px;border-right-style:none;border-right-width:0px;border-bottom-color:var(--wp--preset--color--base);border-bottom-style:solid;border-bottom-width:1px;border-left-style:none;border-left-width:0px;margin-top:0\"><summary>Aufhellung von Pigmentflecken<\/summary>\n<p class=\"has-contrast-1-color has-text-color has-link-color wp-elements-beed16f1e835e8c374b449d77e51dd1c\">Wir zielen darauf ab, Pigmentflecken und Verf\u00e4rbungen zu reduzieren, um einen gleichm\u00e4\u00dfigeren und helleren Teint zu erzielen.<\/p>\n<\/details>\n\n\n\n<details class=\"wp-block-details is-style-arrow-icon-details has-medium-font-size is-layout-flow wp-block-details-is-layout-flow\" style=\"border-top-style:none;border-top-width:0px;border-right-style:none;border-right-width:0px;border-bottom-color:var(--wp--preset--color--base);border-bottom-style:solid;border-bottom-width:1px;border-left-style:none;border-left-width:0px;margin-top:0\"><summary>Innovative Technologie<\/summary>\n<p>Unsere Produkte nutzen fortschrittliche Technologien wie K\u00e4lte- und W\u00e4rmetherapie, um das Erscheinungsbild von dunklen Flecken zu mindern.<\/p>\n<\/details>\n\n\n\n<details class=\"wp-block-details is-style-arrow-icon-details has-medium-font-size is-layout-flow wp-block-details-is-layout-flow\" style=\"border-top-style:none;border-top-width:0px;border-right-style:none;border-right-width:0px;border-bottom-color:var(--wp--preset--color--base);border-bottom-style:solid;border-bottom-width:1px;border-left-style:none;border-left-width:0px;margin-top:0\"><summary>Sichere Anwendung<\/summary>\n<p class=\"has-contrast-1-color has-text-color has-link-color wp-elements-2e4742c6fc3b36fbebc11d14acc89e99\">Wir bieten eine sichere und nicht-invasive M\u00f6glichkeit, einen strahlenden Teint zu erreichen, ohne die Haut zu sch\u00e4digen.<\/p>\n<\/details>\n\n\n\n<details class=\"wp-block-details is-style-arrow-icon-details has-medium-font-size is-layout-flow wp-block-details-is-layout-flow\" style=\"border-top-style:none;border-top-width:0px;border-right-style:none;border-right-width:0px;border-bottom-color:var(--wp--preset--color--base);border-bottom-style:solid;border-bottom-width:1px;border-left-style:none;border-left-width:0px;margin-top:0\"><summary>Individuell anpassbar<\/summary>\n<p class=\"has-contrast-1-color has-text-color has-link-color wp-elements-a4f5430c2f9e4ae791550d2210912da5\">Jede Haut ist einzigartig. qmd\u00ae-Behandlungen sind individuell anpassbar, um den Bed\u00fcrfnissen Ihrer Haut gerecht zu werden und personalisierte Ergebnisse zu erzielen.<\/p>\n<\/details>\n\n\n\n<details class=\"wp-block-details is-style-arrow-icon-details has-medium-font-size is-layout-flow wp-block-details-is-layout-flow\" style=\"border-top-style:none;border-top-width:0px;border-right-style:none;border-right-width:0px;border-bottom-color:var(--wp--preset--color--base);border-bottom-style:solid;border-bottom-width:1px;border-left-style:none;border-left-width:0px;margin-top:0\"><summary>F\u00fcr alle Hauttypen<\/summary>\n<p class=\"has-contrast-1-color has-text-color has-link-color wp-elements-f88f03bd2501b4aa44eaa93f557ba697\">Unabh\u00e4ngig von Ihrem Hauttyp bieten wir Whitening-Behandlungen, die f\u00fcr verschiedene Hautt\u00f6ne geeignet sind, von heller bis dunkle Haut.<\/p>\n<\/details>\n<\/div>\n<\/div>\n\n\n\n<div style=\"height:40px\" aria-hidden=\"true\" class=\"wp-block-spacer\"><\/div>\n\n\n\n<div style=\"margin-top:var(--wp--preset--spacing--10);margin-bottom:0;height:var(--wp--preset--spacing--10)\" aria-hidden=\"true\" class=\"wp-block-spacer\"><\/div>\n\n\n\n<h2 class=\"wp-block-heading\">Unsere Ger\u00e4te f\u00fcr Haut-Whitening<\/h2>\n\n\n\n<p>Erleben Sie die Transformation Ihrer Haut mit qmd\u00ae Whitening-Behandlungen und enth\u00fcllen Sie einen helleren, gleichm\u00e4\u00dfigeren Teint. Genie\u00dfen Sie das Selbstbewusstsein, das mit strahlender Haut einhergeht, und geben Sie Ihrer Haut die Pflege, die sie verdient.<\/p>\n\n\n\n<div class=\"wp-block-columns alignfull is-layout-flex wp-container-core-columns-layout-1 wp-block-columns-is-layout-flex\">\n<div class=\"wp-block-column is-layout-flow wp-block-column-is-layout-flow\"><a href=\"https:\/\/www.qmd-aesthetics.com\/de\/anthea\/\"   class=\"effect-2 wp-block-tiptip-hyperlink-group-block\" >\n<div class=\"wp-block-cover\" style=\"min-height:535px\"><span aria-hidden=\"true\" class=\"wp-block-cover__background has-background-dim\"><\/span><img loading=\"lazy\" decoding=\"async\" width=\"1388\" height=\"2048\" class=\"wp-block-cover__image-background wp-image-1431\" alt=\"\" src=\"https:\/\/www.qmd-aesthetics.com\/wp-content\/uploads\/2024\/04\/12_hakomed_45_base_scura_monitor_coloreblu-zugeschnitten.png\" style=\"object-position:50% 10%\" data-object-fit=\"cover\" data-object-position=\"50% 10%\" srcset=\"https:\/\/www.qmd-aesthetics.com\/wp-content\/uploads\/2024\/04\/12_hakomed_45_base_scura_monitor_coloreblu-zugeschnitten.png 1388w, https:\/\/www.qmd-aesthetics.com\/wp-content\/uploads\/2024\/04\/12_hakomed_45_base_scura_monitor_coloreblu-zugeschnitten-474x700.png 474w, https:\/\/www.qmd-aesthetics.com\/wp-content\/uploads\/2024\/04\/12_hakomed_45_base_scura_monitor_coloreblu-zugeschnitten-768x1133.png 768w, https:\/\/www.qmd-aesthetics.com\/wp-content\/uploads\/2024\/04\/12_hakomed_45_base_scura_monitor_coloreblu-zugeschnitten-949x1400.png 949w, https:\/\/www.qmd-aesthetics.com\/wp-content\/uploads\/2024\/04\/12_hakomed_45_base_scura_monitor_coloreblu-zugeschnitten-1041x1536.png 1041w\" sizes=\"(max-width: 1388px) 100vw, 1388px\" \/><div class=\"wp-block-cover__inner-container has-global-padding is-layout-constrained wp-block-cover-is-layout-constrained\">\n<p class=\"has-text-align-center has-large-font-size\">Anth\u00e9a<\/p>\n\n\n\n<p class=\"has-text-align-center\">Kryo-Thermal Behandlung<\/p>\n\n\n\n<div class=\"wp-block-buttons is-content-justification-center is-layout-flex wp-container-core-buttons-layout-2 wp-block-buttons-is-layout-flex\">\n<div class=\"wp-block-button\"><span class=\"wp-block-button__link has-text-align-center wp-element-button\">Zum Produkt<\/span><\/div>\n<\/div>\n<\/div><\/div>\n<\/a><\/div>\n\n\n\n<div class=\"wp-block-column is-layout-flow wp-block-column-is-layout-flow\"><a href=\"https:\/\/www.qmd-aesthetics.com\/de\/smls-cw\/\"   class=\"effect-2 wp-block-tiptip-hyperlink-group-block\" >\n<div class=\"wp-block-cover\" style=\"min-height:535px\"><span aria-hidden=\"true\" class=\"wp-block-cover__background has-background-dim\"><\/span><img loading=\"lazy\" decoding=\"async\" width=\"924\" height=\"1468\" class=\"wp-block-cover__image-background wp-image-1294\" alt=\"\" src=\"https:\/\/www.qmd-aesthetics.com\/wp-content\/uploads\/2024\/03\/smls-cw.png\" style=\"object-position:53% 28%\" data-object-fit=\"cover\" data-object-position=\"53% 28%\" srcset=\"https:\/\/www.qmd-aesthetics.com\/wp-content\/uploads\/2024\/03\/smls-cw.png 924w, https:\/\/www.qmd-aesthetics.com\/wp-content\/uploads\/2024\/03\/smls-cw-441x700.png 441w, https:\/\/www.qmd-aesthetics.com\/wp-content\/uploads\/2024\/03\/smls-cw-768x1220.png 768w, https:\/\/www.qmd-aesthetics.com\/wp-content\/uploads\/2024\/03\/smls-cw-881x1400.png 881w\" sizes=\"(max-width: 924px) 100vw, 924px\" \/><div class=\"wp-block-cover__inner-container has-global-padding is-layout-constrained wp-block-cover-is-layout-constrained\">\n<p class=\"has-text-align-center has-large-font-size\">SPA-CW<\/p>\n\n\n\n<p class=\"has-text-align-center\">Kryo-Thermal Behandlung<\/p>\n\n\n\n<div class=\"wp-block-buttons is-content-justification-center is-layout-flex wp-container-core-buttons-layout-4 wp-block-buttons-is-layout-flex\">\n<div class=\"wp-block-button\"><span class=\"wp-block-button__link has-text-align-center wp-element-button\">Zum Produkt<\/span><\/div>\n<\/div>\n<\/div><\/div>\n<\/a><\/div>\n<\/div>\n\n\n\n<div style=\"height:100px\" aria-hidden=\"true\" class=\"wp-block-spacer\"><\/div>\n","protected":false},"excerpt":{"rendered":"<p>Haut-Whitening Helle und Strahlende Haut mit qmd\u00ae Whitening-Behandlungen Die qmd\u00ae Whitening-Behandlungen wurden exklusiv f\u00fcr unseren chinesischen Gro\u00dfkunden, die SamunLisa Group, entwickelt und im speziell f\u00fcr ihnen angefertigtem Ger\u00e4t SMLS-CW integriert, das 2023 vorgestellt wurde. Die SamunLisa Gruppe ist ein f\u00fchrender Anbieter von Sch\u00f6nheitseinrichtungen in China mit rund 1.000 Zentren im ganzen Land. Mit den innovativen [&hellip;]<\/p>\n","protected":false},"author":1,"featured_media":0,"parent":0,"menu_order":0,"comment_status":"closed","ping_status":"closed","template":"","meta":{"inline_featured_image":false,"footnotes":""},"_links":{"self":[{"href":"https:\/\/www.qmd-aesthetics.com\/de\/wp-json\/wp\/v2\/pages\/1177"}],"collection":[{"href":"https:\/\/www.qmd-aesthetics.com\/de\/wp-json\/wp\/v2\/pages"}],"about":[{"href":"https:\/\/www.qmd-aesthetics.com\/de\/wp-json\/wp\/v2\/types\/page"}],"author":[{"embeddable":true,"href":"https:\/\/www.qmd-aesthetics.com\/de\/wp-json\/wp\/v2\/users\/1"}],"replies":[{"embeddable":true,"href":"https:\/\/www.qmd-aesthetics.com\/de\/wp-json\/wp\/v2\/comments?post=1177"}],"version-history":[{"count":9,"href":"https:\/\/www.qmd-aesthetics.com\/de\/wp-json\/wp\/v2\/pages\/1177\/revisions"}],"predecessor-version":[{"id":2425,"href":"https:\/\/www.qmd-aesthetics.com\/de\/wp-json\/wp\/v2\/pages\/1177\/revisions\/2425"}],"wp:attachment":[{"href":"https:\/\/www.qmd-aesthetics.com\/de\/wp-json\/wp\/v2\/media?parent=1177"}],"curies":[{"name":"wp","href":"https:\/\/api.w.org\/{rel}","templated":true}]}}