{"id":1216,"date":"2024-03-21T09:20:01","date_gmt":"2024-03-21T08:20:01","guid":{"rendered":"https:\/\/www.qmd-aesthetics.com\/?page_id=1216"},"modified":"2024-10-04T08:00:05","modified_gmt":"2024-10-04T06:00:05","slug":"trolley-light","status":"publish","type":"page","link":"https:\/\/www.qmd-aesthetics.com\/de\/trolley-light\/","title":{"rendered":"Trolley light"},"content":{"rendered":"\n<div class=\"wp-block-cover alignfull ohneAbstandOben\" style=\"min-height:660px\"><span aria-hidden=\"true\" class=\"wp-block-cover__background has-background-dim-0 has-background-dim\"><\/span><img loading=\"lazy\" decoding=\"async\" width=\"2048\" height=\"968\" class=\"wp-block-cover__image-background wp-image-10\" alt=\"\" src=\"https:\/\/www.qmd-aesthetics.com\/wp-content\/uploads\/2024\/03\/donna.jpg\" style=\"object-position:50% 50%\" data-object-fit=\"cover\" data-object-position=\"50% 50%\" srcset=\"https:\/\/www.qmd-aesthetics.com\/wp-content\/uploads\/2024\/03\/donna.jpg 2048w, https:\/\/www.qmd-aesthetics.com\/wp-content\/uploads\/2024\/03\/donna-700x331.jpg 700w, https:\/\/www.qmd-aesthetics.com\/wp-content\/uploads\/2024\/03\/donna-768x363.jpg 768w, https:\/\/www.qmd-aesthetics.com\/wp-content\/uploads\/2024\/03\/donna-1536x726.jpg 1536w\" sizes=\"(max-width: 2048px) 100vw, 2048px\" \/><div class=\"wp-block-cover__inner-container has-global-padding is-layout-constrained wp-block-cover-is-layout-constrained\">\n<p class=\"has-text-align-center has-large-font-size\"><\/p>\n<\/div><\/div>\n\n\n\n<h1 class=\"wp-block-heading has-text-align-center\">Trolley light<\/h1>\n\n\n\n<h2 class=\"wp-block-heading has-text-align-center\">Eleganter Begleiter f\u00fcr Ihr S\u00e9lene PT<\/h2>\n\n\n\n<p class=\"has-text-align-center\">Entdecken Sie das qmd\u00ae trolley light &#8211; Ihr eleganter Begleiter f\u00fcr eine organisierte und effiziente Praxis! Dieser Therapiewagen vereint Stil und Funktionalit\u00e4t und ist die perfekte Erg\u00e4nzung f\u00fcr Ihre hochmodernen Ger\u00e4te.<\/p>\n\n\n\n<div class=\"wp-block-columns is-layout-flex wp-container-core-columns-layout-1 wp-block-columns-is-layout-flex\">\n<div class=\"wp-block-column is-vertically-aligned-center is-layout-flow wp-block-column-is-layout-flow\">\n<figure class=\"wp-block-image aligncenter size-large is-resized\"><img loading=\"lazy\" decoding=\"async\" width=\"860\" height=\"1136\" src=\"https:\/\/www.qmd-aesthetics.com\/wp-content\/uploads\/2024\/04\/trolley-light_02.png\" alt=\"\" class=\"wp-image-1453\" style=\"width:624px;height:auto\" srcset=\"https:\/\/www.qmd-aesthetics.com\/wp-content\/uploads\/2024\/04\/trolley-light_02.png 860w, https:\/\/www.qmd-aesthetics.com\/wp-content\/uploads\/2024\/04\/trolley-light_02-530x700.png 530w, https:\/\/www.qmd-aesthetics.com\/wp-content\/uploads\/2024\/04\/trolley-light_02-768x1014.png 768w\" sizes=\"(max-width: 860px) 100vw, 860px\" \/><\/figure>\n<\/div>\n\n\n\n<div class=\"wp-block-column is-vertically-aligned-center is-layout-flow wp-block-column-is-layout-flow\">\n<div class=\"wp-block-group design-1 has-global-padding is-layout-constrained wp-block-group-is-layout-constrained\" style=\"margin-bottom:0;padding-top:var(--wp--preset--spacing--10);padding-right:var(--wp--preset--spacing--10);padding-bottom:var(--wp--preset--spacing--10);padding-left:var(--wp--preset--spacing--10)\">\n<h2 class=\"wp-block-heading alignwide\" style=\"letter-spacing:-0.02em\">Vorteile<\/h2>\n\n\n\n<div class=\"wp-block-group alignwide is-layout-flow wp-block-group-is-layout-flow\">\n<hr class=\"wp-block-separator has-text-color has-base-color has-alpha-channel-opacity has-base-background-color has-background is-style-wide\"\/>\n\n\n\n<details class=\"wp-block-details is-style-arrow-icon-details has-medium-font-size is-layout-flow wp-block-details-is-layout-flow\" style=\"border-top-style:none;border-top-width:0px;border-right-style:none;border-right-width:0px;border-bottom-color:var(--wp--preset--color--base);border-bottom-style:solid;border-bottom-width:1px;border-left-style:none;border-left-width:0px;margin-top:0\"><summary>Praktisches Design<\/summary>\n<p class=\"has-contrast-1-color has-text-color has-link-color wp-elements-77bcc146063b9692db3c6b36104026a6\">Der Behandlungswagen wurde mit einem durchdachten und ansprechenden Design konzipiert, das nicht nur \u00e4sthetisch ansprechend ist, sondern auch h\u00f6chste Funktionalit\u00e4t bietet.<\/p>\n<\/details>\n\n\n\n<details class=\"wp-block-details is-style-arrow-icon-details has-medium-font-size is-layout-flow wp-block-details-is-layout-flow\" style=\"border-top-style:none;border-top-width:0px;border-right-style:none;border-right-width:0px;border-bottom-color:var(--wp--preset--color--base);border-bottom-style:solid;border-bottom-width:1px;border-left-style:none;border-left-width:0px;margin-top:0\"><summary>Optimale Organisation<\/summary>\n<p class=\"has-contrast-1-color has-text-color has-link-color wp-elements-1e6489c27e6b84d3a6ffa8e902209323\">Bewahren Sie Ihre Ger\u00e4te ordentlich und leicht zug\u00e4nglich auf. Der Trolley light erm\u00f6glicht eine gezielte und \u00fcbersichtliche Aufbewahrung, damit Sie sich voll und ganz auf Ihre Behandlungen konzentrieren k\u00f6nnen.<\/p>\n<\/details>\n\n\n\n<details class=\"wp-block-details is-style-arrow-icon-details has-medium-font-size is-layout-flow wp-block-details-is-layout-flow\" style=\"border-top-style:none;border-top-width:0px;border-right-style:none;border-right-width:0px;border-bottom-color:var(--wp--preset--color--base);border-bottom-style:solid;border-bottom-width:1px;border-left-style:none;border-left-width:0px;margin-top:0\"><summary>Leichte Mobilit\u00e4t<\/summary>\n<p class=\"has-contrast-1-color has-text-color has-link-color wp-elements-dad159662f0f624feb117e49b531c6ad\">Dank seiner geschickten Konstruktion ist der Trolley light m\u00fchelos beweglich. Verschieben Sie ihn problemlos von einem Behandlungsraum zum anderen und optimieren Sie so Ihren Arbeitsablauf.<\/p>\n<\/details>\n\n\n\n<details class=\"wp-block-details is-style-arrow-icon-details has-medium-font-size is-layout-flow wp-block-details-is-layout-flow\" style=\"border-top-style:none;border-top-width:0px;border-right-style:none;border-right-width:0px;border-bottom-color:var(--wp--preset--color--base);border-bottom-style:solid;border-bottom-width:1px;border-left-style:none;border-left-width:0px;margin-top:0\"><summary>Robuste Qualit\u00e4t<\/summary>\n<p class=\"has-contrast-1-color has-text-color has-link-color wp-elements-cee967b20352a5e74c46f2277d95461d\">Hergestellt aus hochwertigen Materialien gew\u00e4hrleistet der qmd\u00ae trolley light nicht nur eine stilvolle Erscheinung, sondern auch Langlebigkeit und Stabilit\u00e4t f\u00fcr den dauerhaften Einsatz in Ihrer Praxis.<\/p>\n<\/details>\n<\/div>\n<\/div>\n<\/div>\n<\/div>\n\n\n\n<div class=\"wp-block-group alignfull has-accent-2-background-color has-background has-global-padding is-layout-constrained wp-block-group-is-layout-constrained\" style=\"padding-top:var(--wp--preset--spacing--50);padding-bottom:var(--wp--preset--spacing--50)\">\n<h2 class=\"wp-block-heading has-text-align-center has-base-2-color has-text-color has-link-color wp-elements-15f8804e475b3b0332b2023e63dc8057\">Investieren Sie in Ihre Praxisausstattung<\/h2>\n\n\n\n<h3 class=\"wp-block-heading has-text-align-center\">Verleihen Sie Ihrer Arbeitsumgebung einen Hauch von Raffinesse und erleichtern Sie sich den Praxisalltag.<\/h3>\n<\/div>\n","protected":false},"excerpt":{"rendered":"<p>Trolley light Eleganter Begleiter f\u00fcr Ihr S\u00e9lene PT Entdecken Sie das qmd\u00ae trolley light &#8211; Ihr eleganter Begleiter f\u00fcr eine organisierte und effiziente Praxis! Dieser Therapiewagen vereint Stil und Funktionalit\u00e4t und ist die perfekte Erg\u00e4nzung f\u00fcr Ihre hochmodernen Ger\u00e4te. Vorteile Investieren Sie in Ihre Praxisausstattung Verleihen Sie Ihrer Arbeitsumgebung einen Hauch von Raffinesse und erleichtern [&hellip;]<\/p>\n","protected":false},"author":1,"featured_media":0,"parent":0,"menu_order":0,"comment_status":"closed","ping_status":"closed","template":"","meta":{"inline_featured_image":false,"footnotes":""},"_links":{"self":[{"href":"https:\/\/www.qmd-aesthetics.com\/de\/wp-json\/wp\/v2\/pages\/1216"}],"collection":[{"href":"https:\/\/www.qmd-aesthetics.com\/de\/wp-json\/wp\/v2\/pages"}],"about":[{"href":"https:\/\/www.qmd-aesthetics.com\/de\/wp-json\/wp\/v2\/types\/page"}],"author":[{"embeddable":true,"href":"https:\/\/www.qmd-aesthetics.com\/de\/wp-json\/wp\/v2\/users\/1"}],"replies":[{"embeddable":true,"href":"https:\/\/www.qmd-aesthetics.com\/de\/wp-json\/wp\/v2\/comments?post=1216"}],"version-history":[{"count":12,"href":"https:\/\/www.qmd-aesthetics.com\/de\/wp-json\/wp\/v2\/pages\/1216\/revisions"}],"predecessor-version":[{"id":1961,"href":"https:\/\/www.qmd-aesthetics.com\/de\/wp-json\/wp\/v2\/pages\/1216\/revisions\/1961"}],"wp:attachment":[{"href":"https:\/\/www.qmd-aesthetics.com\/de\/wp-json\/wp\/v2\/media?parent=1216"}],"curies":[{"name":"wp","href":"https:\/\/api.w.org\/{rel}","templated":true}]}}