{"id":1238,"date":"2024-03-21T09:39:46","date_gmt":"2024-03-21T08:39:46","guid":{"rendered":"https:\/\/www.qmd-aesthetics.com\/?page_id=1238"},"modified":"2024-04-27T12:42:36","modified_gmt":"2024-04-27T10:42:36","slug":"thermal-cream-gel","status":"publish","type":"page","link":"https:\/\/www.qmd-aesthetics.com\/de\/thermal-cream-gel\/","title":{"rendered":"Thermal Cream Gel"},"content":{"rendered":"\n<div class=\"wp-block-cover alignfull ohneAbstandOben\" style=\"min-height:660px\"><span aria-hidden=\"true\" class=\"wp-block-cover__background has-background-dim-0 has-background-dim\"><\/span><img loading=\"lazy\" decoding=\"async\" width=\"2048\" height=\"968\" class=\"wp-block-cover__image-background wp-image-10\" alt=\"\" src=\"https:\/\/www.qmd-aesthetics.com\/wp-content\/uploads\/2024\/03\/donna.jpg\" style=\"object-position:50% 50%\" data-object-fit=\"cover\" data-object-position=\"50% 50%\" srcset=\"https:\/\/www.qmd-aesthetics.com\/wp-content\/uploads\/2024\/03\/donna.jpg 2048w, https:\/\/www.qmd-aesthetics.com\/wp-content\/uploads\/2024\/03\/donna-700x331.jpg 700w, https:\/\/www.qmd-aesthetics.com\/wp-content\/uploads\/2024\/03\/donna-768x363.jpg 768w, https:\/\/www.qmd-aesthetics.com\/wp-content\/uploads\/2024\/03\/donna-1536x726.jpg 1536w\" sizes=\"(max-width: 2048px) 100vw, 2048px\" \/><div class=\"wp-block-cover__inner-container has-global-padding is-layout-constrained wp-block-cover-is-layout-constrained\">\n<p class=\"has-text-align-center has-large-font-size\"><\/p>\n<\/div><\/div>\n\n\n\n<h1 class=\"wp-block-heading has-text-align-center\">Thermal Cream Gel<\/h1>\n\n\n\n<h2 class=\"wp-block-heading has-text-align-center\">Schutz &amp; Pflege<\/h2>\n\n\n\n<p class=\"has-text-align-center\">Unser thermal cream gel wurde speziell f\u00fcr die K\u00e4lte- und W\u00e4rmetherapie entwickelt und eignet sich besonders gut f\u00fcr die Fettreduktionsbehandlung. Auf die zu behandelnde Stelle aufgetragen, bietet es nicht nur Schutz, sondern auch intensive Feuchtigkeitspflege f\u00fcr eine optimale Wirksamkeit der Behandlung. Es revitalisiert die Haut und macht sie weich und geschmeidig.<\/p>\n\n\n\n<div class=\"wp-block-columns is-layout-flex wp-container-core-columns-layout-1 wp-block-columns-is-layout-flex\">\n<div class=\"wp-block-column is-vertically-aligned-center is-layout-flow wp-block-column-is-layout-flow\">\n<figure class=\"wp-block-image aligncenter size-large is-resized\"><img loading=\"lazy\" decoding=\"async\" width=\"768\" height=\"1279\" src=\"https:\/\/www.qmd-aesthetics.com\/wp-content\/uploads\/2024\/04\/thermal-cream-gel-768x1279.png\" alt=\"\" class=\"wp-image-1461\" style=\"width:624px;height:auto\" srcset=\"https:\/\/www.qmd-aesthetics.com\/wp-content\/uploads\/2024\/04\/thermal-cream-gel-768x1279.png 768w, https:\/\/www.qmd-aesthetics.com\/wp-content\/uploads\/2024\/04\/thermal-cream-gel-420x700.png 420w, https:\/\/www.qmd-aesthetics.com\/wp-content\/uploads\/2024\/04\/thermal-cream-gel-840x1400.png 840w, https:\/\/www.qmd-aesthetics.com\/wp-content\/uploads\/2024\/04\/thermal-cream-gel-922x1536.png 922w, https:\/\/www.qmd-aesthetics.com\/wp-content\/uploads\/2024\/04\/thermal-cream-gel.png 1419w\" sizes=\"(max-width: 768px) 100vw, 768px\" \/><\/figure>\n<\/div>\n\n\n\n<div class=\"wp-block-column is-vertically-aligned-center is-layout-flow wp-block-column-is-layout-flow\">\n<div class=\"wp-block-group design-1 has-global-padding is-layout-constrained wp-block-group-is-layout-constrained\" style=\"margin-bottom:0;padding-top:var(--wp--preset--spacing--10);padding-right:var(--wp--preset--spacing--10);padding-bottom:var(--wp--preset--spacing--10);padding-left:var(--wp--preset--spacing--10)\">\n<h2 class=\"wp-block-heading alignwide\" style=\"letter-spacing:-0.02em\">Eigenschaften<\/h2>\n\n\n\n<ul>\n<li>Spezielles Gel zur Befeuchtung, Gleitf\u00e4higkeit und Schutz w\u00e4hrend K\u00e4lte- und W\u00e4rme-Behandlungen.<\/li>\n\n\n\n<li>Revitalisiert die Haut und verleiht ihr ein frisches, belebendes Gef\u00fchl.<\/li>\n\n\n\n<li>Leicht aufzutragen und einfach zu entfernen.<\/li>\n\n\n\n<li>1000 ml Flasche<\/li>\n<\/ul>\n\n\n\n<h2 class=\"wp-block-heading\">Anwendung<\/h2>\n\n\n\n<p>Thermal Cream Gel gro\u00dfz\u00fcgig auf die zu behandelnde Stelle auftragen und leicht einmassieren. Nicht auf Schleimh\u00e4ute oder offene Wunden auftragen. Das Produkt ist nur zur \u00e4u\u00dferlichen Anwendung bestimmt.<\/p>\n<\/div>\n<\/div>\n<\/div>\n\n\n\n<div class=\"wp-block-group alignfull has-accent-2-background-color has-background has-global-padding is-layout-constrained wp-block-group-is-layout-constrained\" style=\"padding-top:var(--wp--preset--spacing--50);padding-bottom:var(--wp--preset--spacing--50)\">\n<h2 class=\"wp-block-heading has-text-align-center has-base-2-color has-text-color has-link-color wp-elements-ce3143bc40f7702050418ec3b4f5ec31\">Professionelle Pflege<\/h2>\n\n\n\n<h3 class=\"wp-block-heading has-text-align-center\">f\u00fcr Ihre Haut w\u00e4hrend \u00e4sthetischer Behandlungen.<\/h3>\n<\/div>\n","protected":false},"excerpt":{"rendered":"<p>Thermal Cream Gel Schutz &amp; Pflege Unser thermal cream gel wurde speziell f\u00fcr die K\u00e4lte- und W\u00e4rmetherapie entwickelt und eignet sich besonders gut f\u00fcr die Fettreduktionsbehandlung. Auf die zu behandelnde Stelle aufgetragen, bietet es nicht nur Schutz, sondern auch intensive Feuchtigkeitspflege f\u00fcr eine optimale Wirksamkeit der Behandlung. Es revitalisiert die Haut und macht sie weich [&hellip;]<\/p>\n","protected":false},"author":1,"featured_media":0,"parent":0,"menu_order":0,"comment_status":"closed","ping_status":"closed","template":"","meta":{"inline_featured_image":false,"footnotes":""},"_links":{"self":[{"href":"https:\/\/www.qmd-aesthetics.com\/de\/wp-json\/wp\/v2\/pages\/1238"}],"collection":[{"href":"https:\/\/www.qmd-aesthetics.com\/de\/wp-json\/wp\/v2\/pages"}],"about":[{"href":"https:\/\/www.qmd-aesthetics.com\/de\/wp-json\/wp\/v2\/types\/page"}],"author":[{"embeddable":true,"href":"https:\/\/www.qmd-aesthetics.com\/de\/wp-json\/wp\/v2\/users\/1"}],"replies":[{"embeddable":true,"href":"https:\/\/www.qmd-aesthetics.com\/de\/wp-json\/wp\/v2\/comments?post=1238"}],"version-history":[{"count":8,"href":"https:\/\/www.qmd-aesthetics.com\/de\/wp-json\/wp\/v2\/pages\/1238\/revisions"}],"predecessor-version":[{"id":1883,"href":"https:\/\/www.qmd-aesthetics.com\/de\/wp-json\/wp\/v2\/pages\/1238\/revisions\/1883"}],"wp:attachment":[{"href":"https:\/\/www.qmd-aesthetics.com\/de\/wp-json\/wp\/v2\/media?parent=1238"}],"curies":[{"name":"wp","href":"https:\/\/api.w.org\/{rel}","templated":true}]}}