{"id":860,"date":"2024-03-14T17:37:11","date_gmt":"2024-03-14T16:37:11","guid":{"rendered":"https:\/\/www.qmd-aesthetics.com\/?page_id=860"},"modified":"2024-05-07T14:54:44","modified_gmt":"2024-05-07T12:54:44","slug":"ueber-uns","status":"publish","type":"page","link":"https:\/\/www.qmd-aesthetics.com\/de\/ueber-uns\/","title":{"rendered":"\u00dcber Uns"},"content":{"rendered":"\n<div class=\"wp-block-cover alignfull ohneAbstandOben\" style=\"min-height:660px\"><span aria-hidden=\"true\" class=\"wp-block-cover__background has-background-dim-0 has-background-dim\"><\/span><img loading=\"lazy\" decoding=\"async\" width=\"2048\" height=\"968\" class=\"wp-block-cover__image-background wp-image-10\" alt=\"\" src=\"https:\/\/www.qmd-aesthetics.com\/wp-content\/uploads\/2024\/03\/donna.jpg\" data-object-fit=\"cover\" srcset=\"https:\/\/www.qmd-aesthetics.com\/wp-content\/uploads\/2024\/03\/donna.jpg 2048w, https:\/\/www.qmd-aesthetics.com\/wp-content\/uploads\/2024\/03\/donna-700x331.jpg 700w, https:\/\/www.qmd-aesthetics.com\/wp-content\/uploads\/2024\/03\/donna-768x363.jpg 768w, https:\/\/www.qmd-aesthetics.com\/wp-content\/uploads\/2024\/03\/donna-1536x726.jpg 1536w\" sizes=\"(max-width: 2048px) 100vw, 2048px\" \/><div class=\"wp-block-cover__inner-container is-layout-flow wp-block-cover-is-layout-flow\">\n<p class=\"has-text-align-center has-large-font-size\"><\/p>\n<\/div><\/div>\n\n\n\n<h1 class=\"wp-block-heading has-text-align-center\">\u00dcber uns<\/h1>\n\n\n\n<h2 class=\"wp-block-heading has-text-align-center\">qmd\u00ae eine Marke der Firma Hakomed<\/h2>\n\n\n\n<div class=\"wp-block-group alignfull has-base-background-color has-background has-global-padding is-layout-constrained wp-block-group-is-layout-constrained\" style=\"margin-top:0;margin-bottom:0;padding-top:var(--wp--preset--spacing--50);padding-right:var(--wp--preset--spacing--50);padding-bottom:var(--wp--preset--spacing--50);padding-left:var(--wp--preset--spacing--50)\">\n<div class=\"wp-block-columns alignwide is-layout-flex wp-container-core-columns-layout-2 wp-block-columns-is-layout-flex\">\n<div class=\"wp-block-column has-global-padding is-content-justification-left is-layout-constrained wp-container-core-column-layout-1 wp-block-column-is-layout-constrained\" style=\"flex-basis:40%\">\n<figure class=\"wp-block-image size-full has-custom-border\"><img decoding=\"async\"  src=\"https:\/\/www.qmd-aesthetics.com\/wp-content\/uploads\/2024\/04\/logo-black.svg\" alt=\"\" class=\"wp-image-1554\" style=\"border-radius:10px;aspect-ratio:4\/3;object-fit:contain\"\/><\/figure>\n<\/div>\n\n\n\n<div class=\"wp-block-column is-layout-flow wp-container-core-column-layout-4 wp-block-column-is-layout-flow\" style=\"flex-basis:60%\">\n<p class=\"has-heading-font-family has-x-large-font-size\" style=\"line-height:1.2\">Die Marke qmd<sup>\u00ae<\/sup> wurde von der Firma Hakomed Italia im Jahre 2014 gegr\u00fcndet und steht f\u00fcr eine exklusive Linie von medizinischen und \u00e4sthetischen Ger\u00e4ten. <\/p>\n\n\n\n<p class=\"has-heading-font-family has-large-font-size\" style=\"line-height:1.2\">Sie zeichnen sich durch ihre benutzerfreundliche Bedienung, fortschrittliche Technologie, hochwertige Materialauswahl und ein anspruchsvolles Design aus.<\/p>\n\n\n\n<div class=\"wp-block-columns is-layout-flex wp-container-core-columns-layout-1 wp-block-columns-is-layout-flex\">\n<div class=\"wp-block-column is-layout-flow wp-block-column-is-layout-flow\">\n<p class=\"wp-container-content-1\">Unsere Expertise, basierend auf langj\u00e4hriger Erfahrung im Bereich der Rehabilitation und Physiotherapie, f\u00fchrte im Jahr 2019 zur Gr\u00fcndung der Sparte <strong>qmd<sup>\u00ae<\/sup> aesthetics<\/strong>. Durch intensives Studium der wissenschaftlichen Literatur und umfassendes Fachwissen haben wir in innovative Technologien investiert, um unseren T\u00e4tigkeitsbereich zu erweitern.<\/p>\n<\/div>\n\n\n\n<div class=\"wp-block-column is-layout-flow wp-block-column-is-layout-flow\">\n<p>Unser Ziel ist es, dass die qmd<sup>\u00ae<\/sup> Ger\u00e4te nicht nur heute, sondern auch in Zukunft einen ma\u00dfgeblichen Bezugspunkt f\u00fcr unsere Kunden darstellen. Wir setzen auf kontinuierliche Weiterentwicklung und Innovation, um sicherzustellen, dass unsere Technologien den Bed\u00fcrfnissen und Anspr\u00fcchen unserer heutigen und zuk\u00fcnftigen Kunden stets gerecht werden.<\/p>\n<\/div>\n<\/div>\n<\/div>\n<\/div>\n<\/div>\n\n\n\n<div class=\"wp-block-group alignfull has-accent-background-color has-background has-global-padding is-layout-constrained wp-block-group-is-layout-constrained\" style=\"margin-top:0;margin-bottom:0;padding-top:var(--wp--preset--spacing--50);padding-right:var(--wp--preset--spacing--50);padding-bottom:var(--wp--preset--spacing--50);padding-left:var(--wp--preset--spacing--50)\">\n<div class=\"wp-block-columns alignwide is-layout-flex wp-container-core-columns-layout-3 wp-block-columns-is-layout-flex\">\n<div class=\"wp-block-column is-vertically-aligned-center is-layout-flow wp-block-column-is-layout-flow\" style=\"flex-basis:60%\">\n<figure class=\"wp-block-image size-full is-style-rounded wp-duotone-duotone-1\"><img loading=\"lazy\" decoding=\"async\" width=\"2048\" height=\"1536\" src=\"https:\/\/www.qmd-aesthetics.com\/wp-content\/uploads\/2024\/04\/foto_wir-begleiten-sie.jpg\" alt=\"\" class=\"wp-image-1482\" style=\"aspect-ratio:3\/2;object-fit:cover\" srcset=\"https:\/\/www.qmd-aesthetics.com\/wp-content\/uploads\/2024\/04\/foto_wir-begleiten-sie.jpg 2048w, https:\/\/www.qmd-aesthetics.com\/wp-content\/uploads\/2024\/04\/foto_wir-begleiten-sie-700x525.jpg 700w, https:\/\/www.qmd-aesthetics.com\/wp-content\/uploads\/2024\/04\/foto_wir-begleiten-sie-768x576.jpg 768w, https:\/\/www.qmd-aesthetics.com\/wp-content\/uploads\/2024\/04\/foto_wir-begleiten-sie-1400x1050.jpg 1400w, https:\/\/www.qmd-aesthetics.com\/wp-content\/uploads\/2024\/04\/foto_wir-begleiten-sie-1536x1152.jpg 1536w\" sizes=\"(max-width: 2048px) 100vw, 2048px\" \/><\/figure>\n<\/div>\n\n\n\n<div class=\"wp-block-column is-layout-flow wp-block-column-is-layout-flow\" style=\"flex-basis:40%\">\n<h2 class=\"wp-block-heading\">Wir begleiten Sie<\/h2>\n\n\n\n<p>bei Ihrem Wunsch nach medizinischen und \u00e4sthetischen Ger\u00e4ten, welche Ihre Dienstleistung auf ein hohes Niveau bringen, sodass Sie zufriedene und begeisterte Kunden haben werden.<\/p>\n\n\n\n<div class=\"wp-block-buttons is-layout-flex wp-block-buttons-is-layout-flex\">\n<div class=\"wp-block-button\"><a class=\"wp-block-button__link wp-element-button\" href=\"https:\/\/www.qmd-aesthetics.com\/de\/kontakt\/\">Kontaktieren Sie uns<\/a><\/div>\n<\/div>\n<\/div>\n<\/div>\n<\/div>\n\n\n\n<div class=\"wp-block-group alignfull has-base-color has-accent-3-background-color has-text-color has-background has-link-color wp-elements-e2ec85e7b77adf1575df3b86a8043531 has-global-padding is-layout-constrained wp-block-group-is-layout-constrained\" style=\"margin-bottom:0;padding-top:var(--wp--preset--spacing--10);padding-right:var(--wp--preset--spacing--10);padding-bottom:var(--wp--preset--spacing--10);padding-left:var(--wp--preset--spacing--10)\">\n<h2 class=\"wp-block-heading alignwide has-base-color has-text-color has-link-color wp-elements-c9b5699bdecff18878afa112249018b5\" style=\"font-size:clamp(4.509rem, 4.509rem + ((1vw - 0.2rem) * 6.864), 10rem);letter-spacing:-0.02em\">FAQs<\/h2>\n\n\n\n<div class=\"wp-block-group alignwide is-layout-flow wp-block-group-is-layout-flow\">\n<hr class=\"wp-block-separator has-text-color has-base-color has-alpha-channel-opacity has-base-background-color has-background is-style-wide\"\/>\n\n\n\n<details class=\"wp-block-details is-style-arrow-icon-details has-medium-font-size is-layout-flow wp-block-details-is-layout-flow\" style=\"border-top-style:none;border-top-width:0px;border-right-style:none;border-right-width:0px;border-bottom-color:var(--wp--preset--color--base);border-bottom-style:solid;border-bottom-width:1px;border-left-style:none;border-left-width:0px;margin-top:0\"><summary>Was k\u00f6nnen wir f\u00fcr Sie tun?<\/summary>\n<p class=\"has-contrast-1-color has-text-color has-link-color wp-elements-92d916ccebd9364a14750c71e4dd2aff\">Wir von qmd\u00ae aesthetics sind hier, um Ihnen beim Erreichen Ihrer \u00e4sthetischen Ziele bestm\u00f6glich zu unterst\u00fctzen. Ob Sie nach hochmodernen Medizin- und \u00c4sthetik-Ger\u00e4ten suchen, individuelle Beratung ben\u00f6tigen oder Fragen zu unseren Produkten haben &#8211; wir sind f\u00fcr Sie da.<\/p>\n<\/details>\n\n\n\n<details class=\"wp-block-details is-style-arrow-icon-details has-medium-font-size is-layout-flow wp-block-details-is-layout-flow\" style=\"border-top-style:none;border-top-width:0px;border-right-style:none;border-right-width:0px;border-bottom-color:var(--wp--preset--color--base);border-bottom-style:solid;border-bottom-width:1px;border-left-style:none;border-left-width:0px;margin-top:0\"><summary>Warum Sie auf uns setzen sollten.<\/summary>\n<p class=\"has-contrast-1-color has-text-color has-link-color wp-elements-d5c6e771505e78e58a35baf2f1404b82\">Unser engagiertes Team steht Ihnen zur Seite, um Ihre Fragen zu beantworten, ma\u00dfgeschneiderte L\u00f6sungen anzubieten und sicherzustellen, dass Sie die bestm\u00f6gliche Unterst\u00fctzung erhalten. Von der Auswahl des richtigen Produkts bis hin zur Anpassung an Ihre spezifischen Bed\u00fcrfnisse sind wir da, um Sie auf Ihrer \u00e4sthetischen Reise zu begleiten.<\/p>\n<\/details>\n\n\n\n<details class=\"wp-block-details is-style-arrow-icon-details has-medium-font-size is-layout-flow wp-block-details-is-layout-flow\" style=\"border-top-style:none;border-top-width:0px;border-right-style:none;border-right-width:0px;border-bottom-color:var(--wp--preset--color--base);border-bottom-style:solid;border-bottom-width:1px;border-left-style:none;border-left-width:0px;margin-top:0\"><summary>Wie kann ich sie kontaktieren<\/summary>\n<p class=\"has-contrast-1-color has-text-color has-link-color wp-elements-d06224d2c36c479203d60f25c8c04e55\">Sie haben verschiedene M\u00f6glichkeiten, um uns zu kontaktieren: F\u00fcllen Sie einfach unser <strong><a href=\"https:\/\/www.qmd-aesthetics.com\/de\/kontakt\/\" data-type=\"page\" data-id=\"33\"><em>Kontaktformular<\/em><\/a><\/strong> auf der Website aus, rufen Sie uns unter der Nummer <strong>+39 0471 820 583<\/strong> an oder senden Sie uns eine E-Mail an <strong>info@qmd-aesthetics.com<\/strong>. Wir stehen Ihnen gerne zur Verf\u00fcgung und freuen uns darauf, von Ihnen zu h\u00f6ren!<\/p>\n<\/details>\n\n\n\n<div style=\"margin-top:var(--wp--preset--spacing--10);margin-bottom:0;height:var(--wp--preset--spacing--10)\" aria-hidden=\"true\" class=\"wp-block-spacer\"><\/div>\n<\/div>\n<\/div>\n","protected":false},"excerpt":{"rendered":"<p>\u00dcber uns qmd\u00ae eine Marke der Firma Hakomed Die Marke qmd\u00ae wurde von der Firma Hakomed Italia im Jahre 2014 gegr\u00fcndet und steht f\u00fcr eine exklusive Linie von medizinischen und \u00e4sthetischen Ger\u00e4ten. Sie zeichnen sich durch ihre benutzerfreundliche Bedienung, fortschrittliche Technologie, hochwertige Materialauswahl und ein anspruchsvolles Design aus. Unsere Expertise, basierend auf langj\u00e4hriger Erfahrung im [&hellip;]<\/p>\n","protected":false},"author":1,"featured_media":0,"parent":0,"menu_order":0,"comment_status":"closed","ping_status":"closed","template":"","meta":{"inline_featured_image":false,"footnotes":""},"_links":{"self":[{"href":"https:\/\/www.qmd-aesthetics.com\/de\/wp-json\/wp\/v2\/pages\/860"}],"collection":[{"href":"https:\/\/www.qmd-aesthetics.com\/de\/wp-json\/wp\/v2\/pages"}],"about":[{"href":"https:\/\/www.qmd-aesthetics.com\/de\/wp-json\/wp\/v2\/types\/page"}],"author":[{"embeddable":true,"href":"https:\/\/www.qmd-aesthetics.com\/de\/wp-json\/wp\/v2\/users\/1"}],"replies":[{"embeddable":true,"href":"https:\/\/www.qmd-aesthetics.com\/de\/wp-json\/wp\/v2\/comments?post=860"}],"version-history":[{"count":18,"href":"https:\/\/www.qmd-aesthetics.com\/de\/wp-json\/wp\/v2\/pages\/860\/revisions"}],"predecessor-version":[{"id":2171,"href":"https:\/\/www.qmd-aesthetics.com\/de\/wp-json\/wp\/v2\/pages\/860\/revisions\/2171"}],"wp:attachment":[{"href":"https:\/\/www.qmd-aesthetics.com\/de\/wp-json\/wp\/v2\/media?parent=860"}],"curies":[{"name":"wp","href":"https:\/\/api.w.org\/{rel}","templated":true}]}}