{"id":1669,"date":"2024-03-20T17:36:55","date_gmt":"2024-03-20T16:36:55","guid":{"rendered":"https:\/\/www.qmd-aesthetics.com\/?page_id=1669"},"modified":"2025-11-10T09:37:59","modified_gmt":"2025-11-10T08:37:59","slug":"fettreduktion","status":"publish","type":"page","link":"https:\/\/www.qmd-aesthetics.com\/it\/fettreduktion\/","title":{"rendered":"Fettreduktion"},"content":{"rendered":"\n<div class=\"wp-block-cover alignfull is-light ohneAbstandOben\" style=\"min-height:660px\"><span aria-hidden=\"true\" class=\"wp-block-cover__background has-background-dim-0 has-background-dim\"><\/span><img loading=\"lazy\" decoding=\"async\" width=\"2048\" height=\"1152\" class=\"wp-block-cover__image-background wp-image-1519\" alt=\"\" src=\"https:\/\/www.qmd-aesthetics.com\/wp-content\/uploads\/2024\/04\/adobestock_60164299.jpg\" data-object-fit=\"cover\" srcset=\"https:\/\/www.qmd-aesthetics.com\/wp-content\/uploads\/2024\/04\/adobestock_60164299.jpg 2048w, https:\/\/www.qmd-aesthetics.com\/wp-content\/uploads\/2024\/04\/adobestock_60164299-700x394.jpg 700w, https:\/\/www.qmd-aesthetics.com\/wp-content\/uploads\/2024\/04\/adobestock_60164299-768x432.jpg 768w, https:\/\/www.qmd-aesthetics.com\/wp-content\/uploads\/2024\/04\/adobestock_60164299-1400x788.jpg 1400w, https:\/\/www.qmd-aesthetics.com\/wp-content\/uploads\/2024\/04\/adobestock_60164299-1536x864.jpg 1536w\" sizes=\"(max-width: 2048px) 100vw, 2048px\" \/><div class=\"wp-block-cover__inner-container has-global-padding is-layout-constrained wp-block-cover-is-layout-constrained\">\n<p class=\"has-text-align-center has-large-font-size\"><\/p>\n<\/div><\/div>\n\n\n\n<h1 class=\"wp-block-heading has-text-align-left\">Snellimento<\/h1>\n\n\n\n<p class=\"has-text-align-left\">Scopri il futuro dei trattamenti estetici con qmd\u00ae e sperimenta la rivoluzionaria tecnologia di snellimento. I nostri prodotti innovativi offrono un metodo non invasivo per trattare i depositi di grasso indesiderati, garantendo risultati visibili e duraturi.<\/p>\n\n\n\n<div style=\"height:40px\" aria-hidden=\"true\" class=\"wp-block-spacer\"><\/div>\n\n\n\n<h2 class=\"wp-block-heading\">Riduzione del grasso con qmd\u00ae?<\/h2>\n\n\n\n<p>Il snellimento con il freddo, sviluppata da rinomati ricercatori dell&#8217;Universit\u00e0 di Harvard, utilizza l&#8217;esposizione controllata al freddo per trattare le cellule adipose in modo mirato. Il sistema qmd\u00ae consente un&#8217;applicazione sicura e precisa in cui il tessuto adiposo viene raffreddato a una temperatura controllata. Le cellule grasse sensibili vengono cristallizzate in modo selettivo e poi scomposte naturalmente dall&#8217;organismo.<\/p>\n\n\n\n<div class=\"wp-block-buttons is-layout-flex wp-block-buttons-is-layout-flex\">\n<div class=\"wp-block-button\"><a class=\"wp-block-button__link has-accent-3-background-color has-background wp-element-button\" href=\"https:\/\/www.qmd-aesthetics.com\/de\/kryolipolyse\/\">Leggi di pi\u00f9<\/a><\/div>\n<\/div>\n\n\n\n<div style=\"height:40px\" aria-hidden=\"true\" class=\"wp-block-spacer\"><\/div>\n\n\n\n<div class=\"wp-block-group design-1 has-global-padding is-layout-constrained wp-block-group-is-layout-constrained\" style=\"margin-bottom:0;padding-top:0;padding-right:0;padding-bottom:0;padding-left:0\">\n<h2 class=\"wp-block-heading alignwide\" style=\"letter-spacing:-0.02em\">Perch\u00e9 qmd\u00ae per il snellimento?<\/h2>\n\n\n\n<div class=\"wp-block-group alignwide is-layout-flow wp-block-group-is-layout-flow\">\n<hr class=\"wp-block-separator has-text-color has-base-color has-alpha-channel-opacity has-base-background-color has-background is-style-wide\"\/>\n\n\n\n<details class=\"wp-block-details is-style-arrow-icon-details has-medium-font-size is-layout-flow wp-block-details-is-layout-flow\" style=\"border-top-style:none;border-top-width:0px;border-right-style:none;border-right-width:0px;border-bottom-color:var(--wp--preset--color--base);border-bottom-style:solid;border-bottom-width:1px;border-left-style:none;border-left-width:0px;margin-top:0\"><summary>utilizzo sicuro<\/summary>\n<p class=\"has-contrast-1-color has-text-color has-link-color wp-elements-3ebdf2c54fd182feaac435611c6ae5f2\">La tecnologia di snellimento di qmd\u00ae garantisce un trattamento sicuro e delicato senza danneggiare i tessuti circostanti.<\/p>\n<\/details>\n\n\n\n<details class=\"wp-block-details is-style-arrow-icon-details has-medium-font-size is-layout-flow wp-block-details-is-layout-flow\" style=\"border-top-style:none;border-top-width:0px;border-right-style:none;border-right-width:0px;border-bottom-color:var(--wp--preset--color--base);border-bottom-style:solid;border-bottom-width:1px;border-left-style:none;border-left-width:0px;margin-top:0\"><summary>Snellimento mirato del grasso<\/summary>\n<p class=\"has-contrast-1-color has-text-color has-link-color wp-elements-29144f6d9d57ef7168d6fe8265b9a045\">I nostri prodotti consentono di ridurre in modo mirato i depositi di grasso in aree problematiche come addome, glutei, fianchi, cosce e gambe.<\/p>\n<\/details>\n\n\n\n<details class=\"wp-block-details is-style-arrow-icon-details has-medium-font-size is-layout-flow wp-block-details-is-layout-flow\" style=\"border-top-style:none;border-top-width:0px;border-right-style:none;border-right-width:0px;border-bottom-color:var(--wp--preset--color--base);border-bottom-style:solid;border-bottom-width:1px;border-left-style:none;border-left-width:0px;margin-top:0\"><summary>Risultati  efficaci<\/summary>\n<p>Gli studi dimostrano che la maggior parte dei clienti \u00e8 gi\u00e0 soddisfatta dei risultati del primo trattamento. Tuttavia, si consiglia di ripetere il trattamento almeno una volta e idealmente eseguire fino a 6 trattamenti in un periodo di 3 mesi.<\/p>\n<\/details>\n\n\n\n<details class=\"wp-block-details is-style-arrow-icon-details has-medium-font-size is-layout-flow wp-block-details-is-layout-flow\" style=\"border-top-style:none;border-top-width:0px;border-right-style:none;border-right-width:0px;border-bottom-color:var(--wp--preset--color--base);border-bottom-style:solid;border-bottom-width:1px;border-left-style:none;border-left-width:0px;margin-top:0\"><summary>Nessun tempo di inattivit\u00e0:<\/summary>\n<p class=\"has-contrast-1-color has-text-color has-link-color wp-elements-b214af8f0365a77748587087836d7f5e\">Il snellimento non richiede tempi di inattivit\u00e0, per cui \u00e8 possibile tornare alle proprie attivit\u00e0 normali subito dopo il trattamento.<\/p>\n<\/details>\n\n\n\n<details class=\"wp-block-details is-style-arrow-icon-details has-medium-font-size is-layout-flow wp-block-details-is-layout-flow\" style=\"border-top-style:none;border-top-width:0px;border-right-style:none;border-right-width:0px;border-bottom-color:var(--wp--preset--color--base);border-bottom-style:solid;border-bottom-width:1px;border-left-style:none;border-left-width:0px;margin-top:0\"><summary>Qualit\u00e0<\/summary>\n<p class=\"has-contrast-1-color has-text-color has-link-color wp-elements-d9503d4308635d8ac0e6ca7aa9dbc609\">Affidatevi alla qualit\u00e0 e all&#8217;innovazione di qmd\u00ae per un snellimento efficace.<\/p>\n<\/details>\n<\/div>\n<\/div>\n\n\n\n<div style=\"height:40px\" aria-hidden=\"true\" class=\"wp-block-spacer\"><\/div>\n\n\n\n<div style=\"margin-top:var(--wp--preset--spacing--10);margin-bottom:0;height:var(--wp--preset--spacing--10)\" aria-hidden=\"true\" class=\"wp-block-spacer\"><\/div>\n\n\n\n<h2 class=\"wp-block-heading\">I nostri dispositivi per il snellimento<\/h2>\n\n\n\n<p>Immergetevi nel futuro dei trattamenti estetici e scoprite una nuova dimensione dello snellimento.<\/p>\n\n\n\n<div class=\"wp-block-columns alignfull is-layout-flex wp-container-core-columns-layout-1 wp-block-columns-is-layout-flex\">\n<div class=\"wp-block-column is-layout-flow wp-block-column-is-layout-flow\"><a href=\"https:\/\/www.qmd-aesthetics.com\/it\/selene\/\"   class=\"effect-2 wp-block-tiptip-hyperlink-group-block\" >\n<div class=\"wp-block-cover\" style=\"min-height:565px\"><span aria-hidden=\"true\" class=\"wp-block-cover__background has-background-dim\"><\/span><img loading=\"lazy\" decoding=\"async\" width=\"1388\" height=\"2048\" class=\"wp-block-cover__image-background wp-image-1433\" alt=\"\" src=\"https:\/\/www.qmd-aesthetics.com\/wp-content\/uploads\/2024\/04\/12_hakomed_45_base_scura_monitor_coloreblu-zugeschnitten.png\" style=\"object-position:49% 7%\" data-object-fit=\"cover\" data-object-position=\"49% 7%\" srcset=\"https:\/\/www.qmd-aesthetics.com\/wp-content\/uploads\/2024\/04\/12_hakomed_45_base_scura_monitor_coloreblu-zugeschnitten.png 1388w, https:\/\/www.qmd-aesthetics.com\/wp-content\/uploads\/2024\/04\/12_hakomed_45_base_scura_monitor_coloreblu-zugeschnitten-474x700.png 474w, https:\/\/www.qmd-aesthetics.com\/wp-content\/uploads\/2024\/04\/12_hakomed_45_base_scura_monitor_coloreblu-zugeschnitten-768x1133.png 768w, https:\/\/www.qmd-aesthetics.com\/wp-content\/uploads\/2024\/04\/12_hakomed_45_base_scura_monitor_coloreblu-zugeschnitten-949x1400.png 949w, https:\/\/www.qmd-aesthetics.com\/wp-content\/uploads\/2024\/04\/12_hakomed_45_base_scura_monitor_coloreblu-zugeschnitten-1041x1536.png 1041w\" sizes=\"(max-width: 1388px) 100vw, 1388px\" \/><div class=\"wp-block-cover__inner-container has-global-padding is-layout-constrained wp-block-cover-is-layout-constrained\">\n<p class=\"has-text-align-center has-large-font-size\">Anth\u00e9a<\/p>\n\n\n\n<p class=\"has-text-align-center\">trattamenti cryo-thermal<\/p>\n\n\n\n<div class=\"wp-block-buttons is-content-justification-center is-layout-flex wp-container-core-buttons-layout-3 wp-block-buttons-is-layout-flex\">\n<div class=\"wp-block-button\"><span class=\"wp-block-button__link has-text-align-center wp-element-button\" href=\"https:\/\/www.qmd-aesthetics.com\/it\/anthea\/\">vedi prodotto<\/span><\/div>\n<\/div>\n<\/div><\/div>\n<\/a><\/div>\n\n\n\n<div class=\"wp-block-column is-layout-flow wp-block-column-is-layout-flow\"><a href=\"https:\/\/www.qmd-aesthetics.com\/it\/selene-pt\/\"   class=\"effect-2 wp-block-tiptip-hyperlink-group-block\" >\n<div class=\"wp-block-cover\" style=\"min-height:565px\"><span aria-hidden=\"true\" class=\"wp-block-cover__background has-background-dim\"><\/span><img loading=\"lazy\" decoding=\"async\" width=\"1365\" height=\"2048\" class=\"wp-block-cover__image-background wp-image-1290\" alt=\"\" src=\"https:\/\/www.qmd-aesthetics.com\/wp-content\/uploads\/2024\/03\/selene-pt_d3_0260.png\" style=\"object-position:54% 16%\" data-object-fit=\"cover\" data-object-position=\"54% 16%\" srcset=\"https:\/\/www.qmd-aesthetics.com\/wp-content\/uploads\/2024\/03\/selene-pt_d3_0260.png 1365w, https:\/\/www.qmd-aesthetics.com\/wp-content\/uploads\/2024\/03\/selene-pt_d3_0260-467x700.png 467w, https:\/\/www.qmd-aesthetics.com\/wp-content\/uploads\/2024\/03\/selene-pt_d3_0260-768x1152.png 768w, https:\/\/www.qmd-aesthetics.com\/wp-content\/uploads\/2024\/03\/selene-pt_d3_0260-933x1400.png 933w, https:\/\/www.qmd-aesthetics.com\/wp-content\/uploads\/2024\/03\/selene-pt_d3_0260-1024x1536.png 1024w\" sizes=\"(max-width: 1365px) 100vw, 1365px\" \/><div class=\"wp-block-cover__inner-container has-global-padding is-layout-constrained wp-block-cover-is-layout-constrained\">\n<p class=\"has-text-align-center has-large-font-size\">S\u00e9lene PT<\/p>\n\n\n\n<p class=\"has-text-align-center\">trattamenti cryo-thermal<\/p>\n\n\n\n<div class=\"wp-block-buttons is-content-justification-center is-layout-flex wp-container-core-buttons-layout-5 wp-block-buttons-is-layout-flex\">\n<div class=\"wp-block-button\"><span class=\"wp-block-button__link has-text-align-center wp-element-button\">vedi prodotto<\/span><\/div>\n<\/div>\n<\/div><\/div>\n<\/a><\/div>\n<\/div>\n\n\n\n<div style=\"height:100px\" aria-hidden=\"true\" class=\"wp-block-spacer\"><\/div>\n","protected":false},"excerpt":{"rendered":"<p>Snellimento Scopri il futuro dei trattamenti estetici con qmd\u00ae e sperimenta la rivoluzionaria tecnologia di snellimento. I nostri prodotti innovativi offrono un metodo non invasivo per trattare i depositi di grasso indesiderati, garantendo risultati visibili e duraturi. Riduzione del grasso con qmd\u00ae? Il snellimento con il freddo, sviluppata da rinomati ricercatori dell&#8217;Universit\u00e0 di Harvard, utilizza [&hellip;]<\/p>\n","protected":false},"author":2,"featured_media":0,"parent":0,"menu_order":0,"comment_status":"closed","ping_status":"closed","template":"","meta":{"inline_featured_image":false,"footnotes":""},"_links":{"self":[{"href":"https:\/\/www.qmd-aesthetics.com\/it\/wp-json\/wp\/v2\/pages\/1669"}],"collection":[{"href":"https:\/\/www.qmd-aesthetics.com\/it\/wp-json\/wp\/v2\/pages"}],"about":[{"href":"https:\/\/www.qmd-aesthetics.com\/it\/wp-json\/wp\/v2\/types\/page"}],"author":[{"embeddable":true,"href":"https:\/\/www.qmd-aesthetics.com\/it\/wp-json\/wp\/v2\/users\/2"}],"replies":[{"embeddable":true,"href":"https:\/\/www.qmd-aesthetics.com\/it\/wp-json\/wp\/v2\/comments?post=1669"}],"version-history":[{"count":14,"href":"https:\/\/www.qmd-aesthetics.com\/it\/wp-json\/wp\/v2\/pages\/1669\/revisions"}],"predecessor-version":[{"id":2739,"href":"https:\/\/www.qmd-aesthetics.com\/it\/wp-json\/wp\/v2\/pages\/1669\/revisions\/2739"}],"wp:attachment":[{"href":"https:\/\/www.qmd-aesthetics.com\/it\/wp-json\/wp\/v2\/media?parent=1669"}],"curies":[{"name":"wp","href":"https:\/\/api.w.org\/{rel}","templated":true}]}}