{"id":1675,"date":"2024-03-21T08:27:52","date_gmt":"2024-03-21T07:27:52","guid":{"rendered":"https:\/\/www.qmd-aesthetics.com\/?page_id=1675"},"modified":"2026-03-30T17:20:42","modified_gmt":"2026-03-30T15:20:42","slug":"anti-aging","status":"publish","type":"page","link":"https:\/\/www.qmd-aesthetics.com\/it\/anti-aging\/","title":{"rendered":"Anti-Aging"},"content":{"rendered":"\n<div class=\"wp-block-cover alignfull is-light ohneAbstandOben\" style=\"min-height:660px\"><span aria-hidden=\"true\" class=\"wp-block-cover__background has-background-dim-0 has-background-dim\"><\/span><img loading=\"lazy\" decoding=\"async\" width=\"2048\" height=\"1152\" class=\"wp-block-cover__image-background wp-image-1522\" alt=\"\" src=\"https:\/\/www.qmd-aesthetics.com\/wp-content\/uploads\/2024\/04\/adobestock_554332550.jpg\" style=\"object-position:46% 54%\" data-object-fit=\"cover\" data-object-position=\"46% 54%\" srcset=\"https:\/\/www.qmd-aesthetics.com\/wp-content\/uploads\/2024\/04\/adobestock_554332550.jpg 2048w, https:\/\/www.qmd-aesthetics.com\/wp-content\/uploads\/2024\/04\/adobestock_554332550-700x394.jpg 700w, https:\/\/www.qmd-aesthetics.com\/wp-content\/uploads\/2024\/04\/adobestock_554332550-768x432.jpg 768w, https:\/\/www.qmd-aesthetics.com\/wp-content\/uploads\/2024\/04\/adobestock_554332550-1400x788.jpg 1400w, https:\/\/www.qmd-aesthetics.com\/wp-content\/uploads\/2024\/04\/adobestock_554332550-1536x864.jpg 1536w\" sizes=\"(max-width: 2048px) 100vw, 2048px\" \/><div class=\"wp-block-cover__inner-container has-global-padding is-layout-constrained wp-block-cover-is-layout-constrained\">\n<p class=\"has-text-align-center has-large-font-size\"><\/p>\n<\/div><\/div>\n\n\n\n<h1 class=\"wp-block-heading has-text-align-left\">Anti-Aging<\/h1>\n\n\n\n<h2 class=\"wp-block-heading\">Trattamenti anti-aging rivoluzionari con qmd\u00ae<\/h2>\n\n\n\n<p class=\"has-text-align-left\">Sperimentate le innovative soluzioni anti-age di qmd\u00ae, che mirano a riportare indietro l&#8217;orologio dell&#8217;invecchiamento cutaneo. I nostri dispositivi all&#8217;avanguardia offrono non solo risultati efficaci, ma anche un approccio delicato e non invasivo alle sfide dell&#8217;invecchiamento della pelle.<\/p>\n\n\n\n<div style=\"height:40px\" aria-hidden=\"true\" class=\"wp-block-spacer\"><\/div>\n\n\n\n<div class=\"wp-block-group design-1 has-global-padding is-layout-constrained wp-block-group-is-layout-constrained\" style=\"margin-bottom:0;padding-top:0;padding-right:0;padding-bottom:0;padding-left:0\">\n<h2 class=\"wp-block-heading alignwide\" style=\"letter-spacing:-0.02em\">Perch\u00e9 qmd\u00ae per l&#8217;anti-aging?<\/h2>\n\n\n\n<div class=\"wp-block-group alignwide is-layout-flow wp-block-group-is-layout-flow\">\n<hr class=\"wp-block-separator has-text-color has-base-color has-alpha-channel-opacity has-base-background-color has-background is-style-wide\"\/>\n\n\n\n<details class=\"wp-block-details is-style-arrow-icon-details has-medium-font-size is-layout-flow wp-block-details-is-layout-flow\" style=\"border-top-style:none;border-top-width:0px;border-right-style:none;border-right-width:0px;border-bottom-color:var(--wp--preset--color--base);border-bottom-style:solid;border-bottom-width:1px;border-left-style:none;border-left-width:0px;margin-top:0\"><summary>Ringiovanimento mirato della pelle<\/summary>\n<p class=\"has-contrast-1-color has-text-color has-link-color wp-elements-12b594fdddcefe3dd37684f3b041fa62\">Una tecnologia innovativa per ottenere un ringiovanimento mirato della pelle. Dalla riduzione delle rughe sottili al miglioramento della texture della pelle, i nostri prodotti offrono soluzioni complete.<\/p>\n<\/details>\n\n\n\n<details class=\"wp-block-details is-style-arrow-icon-details has-medium-font-size is-layout-flow wp-block-details-is-layout-flow\" style=\"border-top-style:none;border-top-width:0px;border-right-style:none;border-right-width:0px;border-bottom-color:var(--wp--preset--color--base);border-bottom-style:solid;border-bottom-width:1px;border-left-style:none;border-left-width:0px;margin-top:0\"><summary>Combinazione di crio e termoterapia<\/summary>\n<p class=\"has-contrast-1-color has-text-color has-link-color wp-elements-73f5a164a13fc0b1f1f84b8eb777eb8e\">I nostri dispositivi innovativi combinano i benefici della terapia del caldo e del freddo per: aumentare la circolazione sanguigna, stimolare la produzione di collagene e donare alla pelle un aspetto pi\u00f9 sodo e giovane.<\/p>\n<\/details>\n\n\n\n<details class=\"wp-block-details is-style-arrow-icon-details has-medium-font-size is-layout-flow wp-block-details-is-layout-flow\" style=\"border-top-style:none;border-top-width:0px;border-right-style:none;border-right-width:0px;border-bottom-color:var(--wp--preset--color--base);border-bottom-style:solid;border-bottom-width:1px;border-left-style:none;border-left-width:0px;margin-top:0\"><summary>Applicazione intuitiva<\/summary>\n<p class=\"has-contrast-1-color has-text-color has-link-color wp-elements-29d5fdc5e47179da14eddcb635347bc0\">Gli apparecchi qmd\u00ae sono stati progettati tenendo conto della facilit\u00e0 d&#8217;uso, che li rende comodi e sicuri da usare negli studi professionali.<\/p>\n<\/details>\n\n\n\n<details class=\"wp-block-details is-style-arrow-icon-details has-medium-font-size is-layout-flow wp-block-details-is-layout-flow\" style=\"border-top-style:none;border-top-width:0px;border-right-style:none;border-right-width:0px;border-bottom-color:var(--wp--preset--color--base);border-bottom-style:solid;border-bottom-width:1px;border-left-style:none;border-left-width:0px;margin-top:0\"><summary>Metodi delicati e non invasivi<\/summary>\n<p class=\"has-contrast-1-color has-text-color has-link-color wp-elements-7ef316d2b249d20d34d992bf24209b9c\">I nostri trattamenti anti-aging sono delicati sulla pelle e offrono una soluzione non invasiva per ottenere i massimi risultati senza fastidiosi tempi di inattivit\u00e0.<\/p>\n<\/details>\n\n\n\n<details class=\"wp-block-details is-style-arrow-icon-details has-medium-font-size is-layout-flow wp-block-details-is-layout-flow\" style=\"border-top-style:none;border-top-width:0px;border-right-style:none;border-right-width:0px;border-bottom-color:var(--wp--preset--color--base);border-bottom-style:solid;border-bottom-width:1px;border-left-style:none;border-left-width:0px;margin-top:0\"><summary>Qualit\u00e0 e Innovazione<\/summary>\n<p class=\"has-contrast-1-color has-text-color has-link-color wp-elements-f85b11a1a3884067f08f8b3a9d920e3a\">Affidatevi alla qualit\u00e0 e alla continua innovazione di qmd\u00ae per trarre vantaggio dagli ultimi progressi della tecnologia anti-invecchiamento.<\/p>\n<\/details>\n<\/div>\n<\/div>\n\n\n\n<div style=\"height:40px\" aria-hidden=\"true\" class=\"wp-block-spacer\"><\/div>\n\n\n\n<div style=\"margin-top:var(--wp--preset--spacing--10);margin-bottom:0;height:var(--wp--preset--spacing--10)\" aria-hidden=\"true\" class=\"wp-block-spacer\"><\/div>\n\n\n\n<h2 class=\"wp-block-heading\">I nostri dispositivi per l&#8217;anti-aging<\/h2>\n\n\n\n<p>Esplorate le possibilit\u00e0 dei trattamenti anti-aging e lasciatevi ispirare da una nuova dimensione del ringiovanimento della pelle. Vedete la vostra pelle diventare pi\u00f9 luminosa, pi\u00f9 soda e pi\u00f9 giovane &#8211; ogni giorno.<\/p>\n\n\n\n<div class=\"wp-block-columns alignfull is-layout-flex wp-container-core-columns-layout-1 wp-block-columns-is-layout-flex\">\n<div class=\"wp-block-column is-layout-flow wp-block-column-is-layout-flow\"><a href=\"https:\/\/www.qmd-aesthetics.com\/de\/selene-pt\/\"   class=\"effect-2 wp-block-tiptip-hyperlink-group-block\" >\n<div class=\"wp-block-cover\"><span aria-hidden=\"true\" class=\"wp-block-cover__background has-background-dim\"><\/span><img loading=\"lazy\" decoding=\"async\" width=\"1365\" height=\"2048\" class=\"wp-block-cover__image-background wp-image-1290\" alt=\"\" src=\"https:\/\/www.qmd-aesthetics.com\/wp-content\/uploads\/2024\/03\/selene-pt_d3_0260.png\" style=\"object-position:54% 18%\" data-object-fit=\"cover\" data-object-position=\"54% 18%\" srcset=\"https:\/\/www.qmd-aesthetics.com\/wp-content\/uploads\/2024\/03\/selene-pt_d3_0260.png 1365w, https:\/\/www.qmd-aesthetics.com\/wp-content\/uploads\/2024\/03\/selene-pt_d3_0260-467x700.png 467w, https:\/\/www.qmd-aesthetics.com\/wp-content\/uploads\/2024\/03\/selene-pt_d3_0260-768x1152.png 768w, https:\/\/www.qmd-aesthetics.com\/wp-content\/uploads\/2024\/03\/selene-pt_d3_0260-933x1400.png 933w, https:\/\/www.qmd-aesthetics.com\/wp-content\/uploads\/2024\/03\/selene-pt_d3_0260-1024x1536.png 1024w\" sizes=\"(max-width: 1365px) 100vw, 1365px\" \/><div class=\"wp-block-cover__inner-container has-global-padding is-layout-constrained wp-block-cover-is-layout-constrained\">\n<p class=\"has-text-align-center has-large-font-size\">S\u00e9lene PT<\/p>\n\n\n\n<p class=\"has-text-align-center\">trattamenti cryo-thermal<\/p>\n\n\n\n<div class=\"wp-block-buttons is-content-justification-center is-layout-flex wp-container-core-buttons-layout-2 wp-block-buttons-is-layout-flex\">\n<div class=\"wp-block-button\"><span class=\"wp-block-button__link has-text-align-center wp-element-button\">vedi prodotto<\/span><\/div>\n<\/div>\n<\/div><\/div>\n<\/a><\/div>\n\n\n\n<div class=\"wp-block-column is-layout-flow wp-block-column-is-layout-flow\"><a href=\"https:\/\/www.qmd-aesthetics.com\/de\/anthea\/\"   class=\"effect-2 wp-block-tiptip-hyperlink-group-block\" >\n<div class=\"wp-block-cover\"><span aria-hidden=\"true\" class=\"wp-block-cover__background has-background-dim\"><\/span><img loading=\"lazy\" decoding=\"async\" width=\"1388\" height=\"2048\" class=\"wp-block-cover__image-background wp-image-1431\" alt=\"\" src=\"https:\/\/www.qmd-aesthetics.com\/wp-content\/uploads\/2024\/04\/12_hakomed_45_base_scura_monitor_coloreblu-zugeschnitten.png\" style=\"object-position:69% 16%\" data-object-fit=\"cover\" data-object-position=\"69% 16%\" srcset=\"https:\/\/www.qmd-aesthetics.com\/wp-content\/uploads\/2024\/04\/12_hakomed_45_base_scura_monitor_coloreblu-zugeschnitten.png 1388w, https:\/\/www.qmd-aesthetics.com\/wp-content\/uploads\/2024\/04\/12_hakomed_45_base_scura_monitor_coloreblu-zugeschnitten-474x700.png 474w, https:\/\/www.qmd-aesthetics.com\/wp-content\/uploads\/2024\/04\/12_hakomed_45_base_scura_monitor_coloreblu-zugeschnitten-768x1133.png 768w, https:\/\/www.qmd-aesthetics.com\/wp-content\/uploads\/2024\/04\/12_hakomed_45_base_scura_monitor_coloreblu-zugeschnitten-949x1400.png 949w, https:\/\/www.qmd-aesthetics.com\/wp-content\/uploads\/2024\/04\/12_hakomed_45_base_scura_monitor_coloreblu-zugeschnitten-1041x1536.png 1041w\" sizes=\"(max-width: 1388px) 100vw, 1388px\" \/><div class=\"wp-block-cover__inner-container has-global-padding is-layout-constrained wp-block-cover-is-layout-constrained\">\n<p class=\"has-text-align-center has-large-font-size\">Anth\u00e9a<\/p>\n\n\n\n<p class=\"has-text-align-center\">trattamenti cryo-thermal<\/p>\n\n\n\n<div class=\"wp-block-buttons is-content-justification-center is-layout-flex wp-container-core-buttons-layout-4 wp-block-buttons-is-layout-flex\">\n<div class=\"wp-block-button\"><span class=\"wp-block-button__link has-text-align-center wp-element-button\">vedi prodotto<\/span><\/div>\n<\/div>\n<\/div><\/div>\n<\/a><\/div>\n\n\n\n<div class=\"wp-block-column is-layout-flow wp-block-column-is-layout-flow\"><a href=\"https:\/\/www.qmd-aesthetics.com\/de\/selene\/\"   class=\"effect-2 wp-block-tiptip-hyperlink-group-block\" >\n<div class=\"wp-block-cover\"><span aria-hidden=\"true\" class=\"wp-block-cover__background has-background-dim\"><\/span><img loading=\"lazy\" decoding=\"async\" width=\"1582\" height=\"1835\" class=\"wp-block-cover__image-background wp-image-2834\" alt=\"\" src=\"https:\/\/www.qmd-aesthetics.com\/wp-content\/uploads\/2026\/03\/f813323f-ed7a-429b-a724-6a7e82ef0728.png\" data-object-fit=\"cover\" srcset=\"https:\/\/www.qmd-aesthetics.com\/wp-content\/uploads\/2026\/03\/f813323f-ed7a-429b-a724-6a7e82ef0728.png 1582w, https:\/\/www.qmd-aesthetics.com\/wp-content\/uploads\/2026\/03\/f813323f-ed7a-429b-a724-6a7e82ef0728-603x700.png 603w, https:\/\/www.qmd-aesthetics.com\/wp-content\/uploads\/2026\/03\/f813323f-ed7a-429b-a724-6a7e82ef0728-768x891.png 768w, https:\/\/www.qmd-aesthetics.com\/wp-content\/uploads\/2026\/03\/f813323f-ed7a-429b-a724-6a7e82ef0728-1207x1400.png 1207w, https:\/\/www.qmd-aesthetics.com\/wp-content\/uploads\/2026\/03\/f813323f-ed7a-429b-a724-6a7e82ef0728-1324x1536.png 1324w\" sizes=\"(max-width: 1582px) 100vw, 1582px\" \/><div class=\"wp-block-cover__inner-container has-global-padding is-layout-constrained wp-block-cover-is-layout-constrained\">\n<p class=\"has-text-align-center has-base-2-color has-text-color has-link-color has-large-font-size wp-elements-099a716eee0667a2d5326e9c3944192a\"><a href=\"https:\/\/www.qmd-aesthetics.com\/it\/xenya\/\" data-type=\"page\" data-id=\"2929\">X\u00e9nya<\/a><\/p>\n\n\n\n<p class=\"has-text-align-center has-base-2-color has-text-color has-link-color wp-elements-62f780a75affedca5e322432f57138ad\"><a href=\"https:\/\/www.qmd-aesthetics.com\/it\/xenya\/\" data-type=\"page\" data-id=\"2929\">trattamento triple-energy<\/a><\/p>\n\n\n\n<div class=\"wp-block-buttons is-content-justification-center is-layout-flex wp-container-core-buttons-layout-6 wp-block-buttons-is-layout-flex\">\n<div class=\"wp-block-button\"><span class=\"wp-block-button__link has-text-align-center wp-element-button\" href=\"https:\/\/www.qmd-aesthetics.com\/it\/xenya\/\">vedi prodotto<\/span><\/div>\n<\/div>\n<\/div><\/div>\n<\/a><\/div>\n<\/div>\n\n\n\n<div class=\"wp-block-columns alignfull is-layout-flex wp-container-core-columns-layout-2 wp-block-columns-is-layout-flex\">\n<div class=\"wp-block-column is-layout-flow wp-block-column-is-layout-flow\"><a href=\"https:\/\/www.qmd-aesthetics.com\/de\/smls-cw\/\"   class=\"effect-2 wp-block-tiptip-hyperlink-group-block\" ><\/a><\/div>\n\n\n\n<div class=\"wp-block-column is-layout-flow wp-block-column-is-layout-flow\"><\/div>\n\n\n\n<div class=\"wp-block-column is-layout-flow wp-block-column-is-layout-flow\"><\/div>\n<\/div>\n\n\n\n<div style=\"height:100px\" aria-hidden=\"true\" class=\"wp-block-spacer\"><\/div>\n","protected":false},"excerpt":{"rendered":"<p>Anti-Aging Trattamenti anti-aging rivoluzionari con qmd\u00ae Sperimentate le innovative soluzioni anti-age di qmd\u00ae, che mirano a riportare indietro l&#8217;orologio dell&#8217;invecchiamento cutaneo. I nostri dispositivi all&#8217;avanguardia offrono non solo risultati efficaci, ma anche un approccio delicato e non invasivo alle sfide dell&#8217;invecchiamento della pelle. Perch\u00e9 qmd\u00ae per l&#8217;anti-aging? I nostri dispositivi per l&#8217;anti-aging Esplorate le possibilit\u00e0 [&hellip;]<\/p>\n","protected":false},"author":2,"featured_media":0,"parent":0,"menu_order":0,"comment_status":"closed","ping_status":"closed","template":"","meta":{"inline_featured_image":false,"footnotes":""},"_links":{"self":[{"href":"https:\/\/www.qmd-aesthetics.com\/it\/wp-json\/wp\/v2\/pages\/1675"}],"collection":[{"href":"https:\/\/www.qmd-aesthetics.com\/it\/wp-json\/wp\/v2\/pages"}],"about":[{"href":"https:\/\/www.qmd-aesthetics.com\/it\/wp-json\/wp\/v2\/types\/page"}],"author":[{"embeddable":true,"href":"https:\/\/www.qmd-aesthetics.com\/it\/wp-json\/wp\/v2\/users\/2"}],"replies":[{"embeddable":true,"href":"https:\/\/www.qmd-aesthetics.com\/it\/wp-json\/wp\/v2\/comments?post=1675"}],"version-history":[{"count":11,"href":"https:\/\/www.qmd-aesthetics.com\/it\/wp-json\/wp\/v2\/pages\/1675\/revisions"}],"predecessor-version":[{"id":2976,"href":"https:\/\/www.qmd-aesthetics.com\/it\/wp-json\/wp\/v2\/pages\/1675\/revisions\/2976"}],"wp:attachment":[{"href":"https:\/\/www.qmd-aesthetics.com\/it\/wp-json\/wp\/v2\/media?parent=1675"}],"curies":[{"name":"wp","href":"https:\/\/api.w.org\/{rel}","templated":true}]}}